{"id":5377,"date":"2025-11-28T12:37:24","date_gmt":"2025-11-28T10:37:24","guid":{"rendered":"https:\/\/vitbuve.codeconomy.dev\/integritetspolicy\/"},"modified":"2026-03-17T16:34:35","modified_gmt":"2026-03-17T14:34:35","slug":"integritetspolicy","status":"publish","type":"page","link":"https:\/\/www.vitbuve.com\/sv\/integritetspolicy\/","title":{"rendered":"Integritetspolicy"},"content":{"rendered":"<p><div class=\"fusion-fullwidth fullwidth-box fusion-builder-row-1 fusion-flex-container has-pattern-background has-mask-background fusion-parallax-none hero-banner-container nonhundred-percent-fullwidth non-hundred-percent-height-scrolling\" style=\"--link_color: var(--awb-color1);--awb-border-radius-top-left:0px;--awb-border-radius-top-right:0px;--awb-border-radius-bottom-right:0px;--awb-border-radius-bottom-left:0px;--awb-background-image:url(&quot;https:\/\/www.vitbuve.com\/wp-content\/uploads\/2025\/10\/hero-background-secondary-scaled.png&quot;);--awb-background-size:cover;--awb-flex-wrap:wrap;\" ><div class=\"fusion-builder-row fusion-row fusion-flex-align-items-center fusion-flex-align-content-center fusion-flex-content-wrap\" style=\"max-width:calc( 1216px + 20px );margin-left: calc(-20px \/ 2 );margin-right: calc(-20px \/ 2 );\"><div class=\"fusion-layout-column fusion_builder_column fusion-builder-column-0 fusion_builder_column_1_1 1_1 fusion-flex-column fusion-flex-align-self-center\" style=\"--awb-bg-size:cover;--awb-width-large:100%;--awb-margin-top-large:0px;--awb-spacing-right-large:10px;--awb-margin-bottom-large:0px;--awb-spacing-left-large:10px;--awb-width-medium:100%;--awb-order-medium:0;--awb-spacing-right-medium:10px;--awb-spacing-left-medium:10px;--awb-width-small:100%;--awb-order-small:0;--awb-spacing-right-small:10px;--awb-spacing-left-small:10px;\" data-scroll-devices=\"small-visibility,medium-visibility,large-visibility\"><div class=\"fusion-column-wrapper fusion-column-has-shadow fusion-flex-justify-content-center fusion-content-layout-column\"><div class=\"fusion-title title fusion-title-1 fusion-sep-none fusion-title-center fusion-title-text fusion-title-size-one\" style=\"--awb-text-color:var(--awb-color4);\"><h1 class=\"fusion-title-heading title-heading-center\" style=\"margin:0;\">Integritetspolicy<\/h1><\/div><nav class=\"fusion-breadcrumbs awb-yoast-breadcrumbs fusion-breadcrumbs-1\" style=\"--awb-alignment:center;--awb-breadcrumb-sep:&#039;&gt;&#039;;text-align:center;\" aria-label=\"Breadcrumb\"><ol class=\"awb-breadcrumb-list\"><li class=\"fusion-breadcrumb-item awb-breadcrumb-sep awb-home\" ><a href=\"https:\/\/www.vitbuve.com\/sv\/\" class=\"fusion-breadcrumb-link\"><span >Home<\/span><\/a><\/li><\/ol><\/nav><\/div><\/div><\/div><\/div><div class=\"fusion-fullwidth fullwidth-box fusion-builder-row-2 fusion-flex-container has-pattern-background has-mask-background nonhundred-percent-fullwidth non-hundred-percent-height-scrolling\" style=\"--awb-border-radius-top-left:0px;--awb-border-radius-top-right:0px;--awb-border-radius-bottom-right:0px;--awb-border-radius-bottom-left:0px;--awb-flex-wrap:wrap;\" ><div class=\"fusion-builder-row fusion-row fusion-flex-align-items-flex-start fusion-flex-content-wrap\" style=\"max-width:calc( 1216px + 20px );margin-left: calc(-20px \/ 2 );margin-right: calc(-20px \/ 2 );\"><div class=\"fusion-layout-column fusion_builder_column fusion-builder-column-1 fusion_builder_column_1_1 1_1 fusion-flex-column\" style=\"--awb-bg-size:cover;--awb-width-large:100%;--awb-margin-top-large:0px;--awb-spacing-right-large:10px;--awb-margin-bottom-large:0px;--awb-spacing-left-large:10px;--awb-width-medium:100%;--awb-order-medium:0;--awb-spacing-right-medium:10px;--awb-spacing-left-medium:10px;--awb-width-small:100%;--awb-order-small:0;--awb-spacing-right-small:10px;--awb-spacing-left-small:10px;\"><div class=\"fusion-column-wrapper fusion-column-has-shadow fusion-flex-justify-content-flex-start fusion-content-layout-column\"><div class=\"fusion-text fusion-text-1\"><h4><strong>Syftet med denna policy<\/strong><\/h4>\n<p>Syftet med denna policy \u00e4r att ge registrerade personer \u2013 fysiska personer \u2013 information om \u00e4ndam\u00e5len med behandlingen av personuppgifter, r\u00e4ttslig grund, kategorier av mottagare av personuppgifter, lagring och skydd av uppgifter samt den registrerades r\u00e4ttigheter.<\/p>\n<h4><strong>Personuppgiftsansvarig<\/strong><\/h4>\n<p>SIA VITB\u016aVE, rregistreringsnummer 44103037968, juridisk adress: \u201cAmatnieki\u201d, Limbazu pag., Limbazu nov., LV-4001, Lettland.<\/p>\n<h4><strong>Anv\u00e4ndning av integritetspolicyn<\/strong><\/h4>\n<p>VITB\u016aVE till\u00e4mpar denna integritetspolicy vid behandling av personuppgifter och n\u00e4r du interagerar med oss via v\u00e5r webbplats vitbuve.lv. VITB\u016aVE s\u00e4kerst\u00e4ller att dina personuppgifter skyddas p\u00e5 den r\u00e4ttsliga grund som anges i denna policy och i EU:s allm\u00e4nna dataskyddsf\u00f6rordning (GDPR) 2016\/679 av den 27 april 2016. VITB\u016aVE \u00e5tar sig att s\u00e4kerst\u00e4lla att dina personuppgifter skyddas och aldrig missbrukas.<\/p>\n<h4><strong>\u00c4ndam\u00e5l med behandlingen och r\u00e4ttslig grund<\/strong><\/h4>\n<p>VITB\u016aVE kan anv\u00e4nda dina personuppgifter f\u00f6r f\u00f6ljande \u00e4ndam\u00e5l:<\/p>\n<ul>\n<li>Potentiell personalrekrytering vid mottagande av ditt CV och ans\u00f6kningsbrev (ber\u00e4ttigat aff\u00e4rsintresse, den registrerades samtycke);<\/li>\n<li>Bekv\u00e4m bokning av varor och tj\u00e4nster, samarbetsarrangemang samt f\u00f6rb\u00e4ttring av service (ber\u00e4ttigat aff\u00e4rsintresse, den registrerades samtycke);<\/li>\n<li>F\u00f6rs\u00e4ljningsavtal och tillhandah\u00e5llande av tj\u00e4nster (ing\u00e5ende och fullg\u00f6rande av avtalsf\u00f6rpliktelser);<\/li>\n<li>Avtal om k\u00f6p av varor och tj\u00e4nster samt annat samarbete (ing\u00e5ende och fullg\u00f6rande av avtalsf\u00f6rpliktelser);<\/li>\n<li>Snabb och kvalitativ kommunikation genom att besvara mottagna fr\u00e5gor eller kommentarer samt tillhandah\u00e5lla information om f\u00f6retagets produkter och tj\u00e4nster med mottagarens samtycke (ber\u00e4ttigat aff\u00e4rsintresse, den registrerades samtycke);<\/li>\n<li>Analys och marknadsunders\u00f6kning om anv\u00e4ndningen av v\u00e5r webbplats, produkter och tj\u00e4nster (ber\u00e4ttigat aff\u00e4rsintresse, den registrerades samtycke);<\/li>\n<li>S\u00e4kerst\u00e4llande av h\u00e4lsa och s\u00e4kerhet i f\u00f6retagets lokaler och omr\u00e5de genom anv\u00e4ndning av \u00f6vervakningskameror (ber\u00e4ttigat aff\u00e4rsintresse).<\/li>\n<\/ul>\n<h4><strong>Kategorier av mottagare av personuppgifter<\/strong><\/h4>\n<p>Personuppgiftsansvarig kan l\u00e4mna ut personuppgifter till tredje part endast i den utstr\u00e4ckning som \u00e4r n\u00f6dv\u00e4ndig f\u00f6r att uppn\u00e5 syftena med denna policy och n\u00e4r det kr\u00e4vs f\u00f6r att uppfylla r\u00e4ttsliga eller avtalsenliga skyldigheter:<\/p>\n<ul>\n<li>Till statliga myndigheter f\u00f6r att uppfylla skyldigheter enligt lagar och f\u00f6rordningar;<\/li>\n<li>Till organisationer och institutioner f\u00f6r att uppfylla avtalsf\u00f6rpliktelser;<\/li>\n<li>I vissa fall kan databehandling outsourcas till personuppgiftsbitr\u00e4den som garanterar skydd av den registrerades r\u00e4ttigheter i enlighet med g\u00e4llande lagstiftning.<\/li>\n<\/ul>\n<p>Dina personuppgifter kommer inte att \u00f6verf\u00f6ras till tredjel\u00e4nder eller internationella organisationer.<\/p>\n<h4><strong>Lagring av personuppgifter<\/strong><\/h4>\n<p>Personuppgifter samlas in och behandlas endast f\u00f6r ovan n\u00e4mnda \u00e4ndam\u00e5l och bevaras tills dessa \u00e4ndam\u00e5l har uppn\u00e5tts, VITB\u016aVEs ber\u00e4ttigade intressen har skyddats eller tills lagstadgade lagrings- och ansvarstider har l\u00f6pt ut. D\u00e4refter raderas eller arkiveras uppgifterna.<\/p>\n<p>Tillg\u00e5ng till personuppgifter ges endast till personer som beh\u00f6ver behandla uppgifterna inom ramen f\u00f6r sina arbetsuppgifter eller skyldigheter. Alla dessa personer \u00e4r utbildade i att skydda den registrerades r\u00e4ttigheter.<\/p>\n<h4><strong>Den registrerades r\u00e4ttigheter<\/strong><\/h4>\n<p>Du har r\u00e4tt att f\u00e5 information om vilka personuppgifter VITB\u016aVE behandlar om dig, om du inte redan har s\u00e5dan information. Du har r\u00e4tt att beg\u00e4ra att VITB\u016aVE r\u00e4ttar, raderar eller begr\u00e4nsar behandlingen av dina personuppgifter, inv\u00e4nda mot behandlingen samt n\u00e4r som helst \u00e5terkalla ditt samtycke utan att det p\u00e5verkar lagligheten av behandling som skett f\u00f6re \u00e5terkallelsen. Du har ocks\u00e5 r\u00e4tt att l\u00e4mna in klagom\u00e5l till tillsynsmyndigheten.<\/p>\n<h4><strong>Dataskydd<\/strong><\/h4>\n<p>VITB\u016aVE genomf\u00f6r och uppr\u00e4tth\u00e5ller l\u00e4mpliga administrativa, fysiska, tekniska och organisatoriska \u00e5tg\u00e4rder f\u00f6r att skydda dina personuppgifter mot oavsiktlig eller olaglig f\u00f6rst\u00f6relse, f\u00f6rlust, \u00e4ndring, obeh\u00f6rigt utl\u00e4mnande eller \u00e5tkomst.<\/p>\n<h4><strong>Ikrafttr\u00e4dande<\/strong><\/h4>\n<p>VITB\u016aVE f\u00f6rbeh\u00e5ller sig r\u00e4tten att \u00e4ndra denna integritetspolicy utan s\u00e4rskilt meddelande. Den senaste versionen av integritetspolicyn som publiceras p\u00e5 webbplatsen vitbuve.lv ers\u00e4tter tidigare versioner.<\/p>\n<h4><strong>Ditt samtycke till denna integritetspolicy<\/strong><\/h4>\n<p>Genom att l\u00e4mna dina personuppgifter till VITB\u016aVE godk\u00e4nner du villkoren i denna policy.<\/p>\n<h4>Cookieanv\u00e4ndning<\/h4>\n<p><script id=\"CookieDeclaration\" data-culture=\"sv\" src=\"https:\/\/consent.cookiebot.com\/aa913a6b-226a-4c2e-9d68-3e104690775f\/cd.js\" type=\"text\/javascript\" async>\n<\/script><\/p>\n<h4><strong>Kontaktuppgifter<\/strong><\/h4>\n<p>Om du har fr\u00e5gor, synpunkter eller vill l\u00e4mna in ett klagom\u00e5l g\u00e4llande denna integritetspolicy, v\u00e4nligen kontakta oss via e-post: info@vitbuve.lv, per post: SIA \u201cVITB\u016aVE\u201d, \u201cAmatnieki\u201d, Limbazu pag., Limbazu nov., LV-4001, Lettland, eller per telefon +371 67288161.<\/p>\n<\/div><\/div><\/div><\/div><\/div><\/p>\n","protected":false},"excerpt":{"rendered":"","protected":false},"author":1,"featured_media":0,"parent":0,"menu_order":0,"comment_status":"closed","ping_status":"closed","template":"100-width.php","meta":{"footnotes":""},"class_list":["post-5377","page","type-page","status-publish","hentry"],"yoast_head":"<!-- This site is optimized with the Yoast SEO plugin v26.9 - https:\/\/yoast.com\/product\/yoast-seo-wordpress\/ -->\n<title>Integritetspolicy &#8211; VITB\u016aVE<\/title>\n<meta name=\"description\" content=\"Denna integritetspolicy f\u00f6rklarar hur vi samlar in, anv\u00e4nder, lagrar och skyddar personuppgifter n\u00e4r du bes\u00f6ker v\u00e5r webbplats eller kontaktar oss.\" \/>\n<meta name=\"robots\" content=\"index, follow, max-snippet:-1, max-image-preview:large, max-video-preview:-1\" \/>\n<link rel=\"canonical\" href=\"https:\/\/www.vitbuve.com\/sv\/integritetspolicy\/\" \/>\n<meta property=\"og:locale\" content=\"sv_SE\" \/>\n<meta property=\"og:type\" content=\"article\" \/>\n<meta property=\"og:title\" content=\"Integritetspolicy &#8211; VITB\u016aVE\" \/>\n<meta property=\"og:description\" content=\"Denna integritetspolicy f\u00f6rklarar hur vi samlar in, anv\u00e4nder, lagrar och skyddar personuppgifter n\u00e4r du bes\u00f6ker v\u00e5r webbplats eller kontaktar oss.\" \/>\n<meta property=\"og:url\" content=\"https:\/\/www.vitbuve.com\/sv\/integritetspolicy\/\" \/>\n<meta property=\"og:site_name\" content=\"VITB\u016aVE\" \/>\n<meta property=\"article:modified_time\" content=\"2026-03-17T14:34:35+00:00\" \/>\n<meta name=\"twitter:card\" content=\"summary_large_image\" \/>\n<meta name=\"twitter:label1\" content=\"Ber\u00e4knad l\u00e4stid\" \/>\n\t<meta name=\"twitter:data1\" content=\"3 minuter\" \/>\n<script type=\"application\/ld+json\" class=\"yoast-schema-graph\">{\"@context\":\"https:\/\/schema.org\",\"@graph\":[{\"@type\":\"WebPage\",\"@id\":\"https:\/\/www.vitbuve.com\/sv\/integritetspolicy\/\",\"url\":\"https:\/\/www.vitbuve.com\/sv\/integritetspolicy\/\",\"name\":\"Integritetspolicy &#8211; VITB\u016aVE\",\"isPartOf\":{\"@id\":\"https:\/\/www.vitbuve.com\/sv\/#website\"},\"datePublished\":\"2025-11-28T10:37:24+00:00\",\"dateModified\":\"2026-03-17T14:34:35+00:00\",\"description\":\"Denna integritetspolicy f\u00f6rklarar hur vi samlar in, anv\u00e4nder, lagrar och skyddar personuppgifter n\u00e4r du bes\u00f6ker v\u00e5r webbplats eller kontaktar oss.\",\"breadcrumb\":{\"@id\":\"https:\/\/www.vitbuve.com\/sv\/integritetspolicy\/#breadcrumb\"},\"inLanguage\":\"sv-SE\",\"potentialAction\":[{\"@type\":\"ReadAction\",\"target\":[\"https:\/\/www.vitbuve.com\/sv\/integritetspolicy\/\"]}]},{\"@type\":\"BreadcrumbList\",\"@id\":\"https:\/\/www.vitbuve.com\/sv\/integritetspolicy\/#breadcrumb\",\"itemListElement\":[{\"@type\":\"ListItem\",\"position\":1,\"name\":\"Hem\",\"item\":\"https:\/\/www.vitbuve.com\/sv\/\"},{\"@type\":\"ListItem\",\"position\":2,\"name\":\"Integritetspolicy\"}]},{\"@type\":\"WebSite\",\"@id\":\"https:\/\/www.vitbuve.com\/sv\/#website\",\"url\":\"https:\/\/www.vitbuve.com\/sv\/\",\"name\":\"VITB\u016aVE\",\"description\":\"Prefabricerade Elementhus i Tr\u00e4\",\"alternateName\":\"Vitb\u016bve\",\"potentialAction\":[{\"@type\":\"SearchAction\",\"target\":{\"@type\":\"EntryPoint\",\"urlTemplate\":\"https:\/\/www.vitbuve.com\/sv\/?s={search_term_string}\"},\"query-input\":{\"@type\":\"PropertyValueSpecification\",\"valueRequired\":true,\"valueName\":\"search_term_string\"}}],\"inLanguage\":\"sv-SE\"}]}<\/script>\n<!-- \/ Yoast SEO plugin. -->","yoast_head_json":{"title":"Integritetspolicy &#8211; VITB\u016aVE","description":"Denna integritetspolicy f\u00f6rklarar hur vi samlar in, anv\u00e4nder, lagrar och skyddar personuppgifter n\u00e4r du bes\u00f6ker v\u00e5r webbplats eller kontaktar oss.","robots":{"index":"index","follow":"follow","max-snippet":"max-snippet:-1","max-image-preview":"max-image-preview:large","max-video-preview":"max-video-preview:-1"},"canonical":"https:\/\/www.vitbuve.com\/sv\/integritetspolicy\/","og_locale":"sv_SE","og_type":"article","og_title":"Integritetspolicy &#8211; VITB\u016aVE","og_description":"Denna integritetspolicy f\u00f6rklarar hur vi samlar in, anv\u00e4nder, lagrar och skyddar personuppgifter n\u00e4r du bes\u00f6ker v\u00e5r webbplats eller kontaktar oss.","og_url":"https:\/\/www.vitbuve.com\/sv\/integritetspolicy\/","og_site_name":"VITB\u016aVE","article_modified_time":"2026-03-17T14:34:35+00:00","twitter_card":"summary_large_image","twitter_misc":{"Ber\u00e4knad l\u00e4stid":"3 minuter"},"schema":{"@context":"https:\/\/schema.org","@graph":[{"@type":"WebPage","@id":"https:\/\/www.vitbuve.com\/sv\/integritetspolicy\/","url":"https:\/\/www.vitbuve.com\/sv\/integritetspolicy\/","name":"Integritetspolicy &#8211; VITB\u016aVE","isPartOf":{"@id":"https:\/\/www.vitbuve.com\/sv\/#website"},"datePublished":"2025-11-28T10:37:24+00:00","dateModified":"2026-03-17T14:34:35+00:00","description":"Denna integritetspolicy f\u00f6rklarar hur vi samlar in, anv\u00e4nder, lagrar och skyddar personuppgifter n\u00e4r du bes\u00f6ker v\u00e5r webbplats eller kontaktar oss.","breadcrumb":{"@id":"https:\/\/www.vitbuve.com\/sv\/integritetspolicy\/#breadcrumb"},"inLanguage":"sv-SE","potentialAction":[{"@type":"ReadAction","target":["https:\/\/www.vitbuve.com\/sv\/integritetspolicy\/"]}]},{"@type":"BreadcrumbList","@id":"https:\/\/www.vitbuve.com\/sv\/integritetspolicy\/#breadcrumb","itemListElement":[{"@type":"ListItem","position":1,"name":"Hem","item":"https:\/\/www.vitbuve.com\/sv\/"},{"@type":"ListItem","position":2,"name":"Integritetspolicy"}]},{"@type":"WebSite","@id":"https:\/\/www.vitbuve.com\/sv\/#website","url":"https:\/\/www.vitbuve.com\/sv\/","name":"VITB\u016aVE","description":"Prefabricerade Elementhus i Tr\u00e4","alternateName":"Vitb\u016bve","potentialAction":[{"@type":"SearchAction","target":{"@type":"EntryPoint","urlTemplate":"https:\/\/www.vitbuve.com\/sv\/?s={search_term_string}"},"query-input":{"@type":"PropertyValueSpecification","valueRequired":true,"valueName":"search_term_string"}}],"inLanguage":"sv-SE"}]}},"_links":{"self":[{"href":"https:\/\/www.vitbuve.com\/sv\/wp-json\/wp\/v2\/pages\/5377","targetHints":{"allow":["GET"]}}],"collection":[{"href":"https:\/\/www.vitbuve.com\/sv\/wp-json\/wp\/v2\/pages"}],"about":[{"href":"https:\/\/www.vitbuve.com\/sv\/wp-json\/wp\/v2\/types\/page"}],"author":[{"embeddable":true,"href":"https:\/\/www.vitbuve.com\/sv\/wp-json\/wp\/v2\/users\/1"}],"replies":[{"embeddable":true,"href":"https:\/\/www.vitbuve.com\/sv\/wp-json\/wp\/v2\/comments?post=5377"}],"version-history":[{"count":6,"href":"https:\/\/www.vitbuve.com\/sv\/wp-json\/wp\/v2\/pages\/5377\/revisions"}],"predecessor-version":[{"id":6386,"href":"https:\/\/www.vitbuve.com\/sv\/wp-json\/wp\/v2\/pages\/5377\/revisions\/6386"}],"wp:attachment":[{"href":"https:\/\/www.vitbuve.com\/sv\/wp-json\/wp\/v2\/media?parent=5377"}],"curies":[{"name":"wp","href":"https:\/\/api.w.org\/{rel}","templated":true}]}}