{"id":5363,"date":"2025-11-28T12:37:24","date_gmt":"2025-11-28T10:37:24","guid":{"rendered":"https:\/\/vitbuve.codeconomy.dev\/personvernerklaering\/"},"modified":"2026-03-17T16:35:22","modified_gmt":"2026-03-17T14:35:22","slug":"personvernerklaering","status":"publish","type":"page","link":"https:\/\/www.vitbuve.com\/no\/personvernerklaering\/","title":{"rendered":"Personvernerkl\u00e6ring"},"content":{"rendered":"<p><div class=\"fusion-fullwidth fullwidth-box fusion-builder-row-1 fusion-flex-container has-pattern-background has-mask-background fusion-parallax-none hero-banner-container nonhundred-percent-fullwidth non-hundred-percent-height-scrolling\" style=\"--link_color: var(--awb-color1);--awb-border-radius-top-left:0px;--awb-border-radius-top-right:0px;--awb-border-radius-bottom-right:0px;--awb-border-radius-bottom-left:0px;--awb-background-image:url(&quot;https:\/\/www.vitbuve.com\/wp-content\/uploads\/2025\/10\/hero-background-secondary-scaled.png&quot;);--awb-background-size:cover;--awb-flex-wrap:wrap;\" ><div class=\"fusion-builder-row fusion-row fusion-flex-align-items-center fusion-flex-align-content-center fusion-flex-content-wrap\" style=\"max-width:calc( 1216px + 20px );margin-left: calc(-20px \/ 2 );margin-right: calc(-20px \/ 2 );\"><div class=\"fusion-layout-column fusion_builder_column fusion-builder-column-0 fusion_builder_column_1_1 1_1 fusion-flex-column fusion-flex-align-self-center\" style=\"--awb-bg-size:cover;--awb-width-large:100%;--awb-margin-top-large:0px;--awb-spacing-right-large:10px;--awb-margin-bottom-large:0px;--awb-spacing-left-large:10px;--awb-width-medium:100%;--awb-order-medium:0;--awb-spacing-right-medium:10px;--awb-spacing-left-medium:10px;--awb-width-small:100%;--awb-order-small:0;--awb-spacing-right-small:10px;--awb-spacing-left-small:10px;\" data-scroll-devices=\"small-visibility,medium-visibility,large-visibility\"><div class=\"fusion-column-wrapper fusion-column-has-shadow fusion-flex-justify-content-center fusion-content-layout-column\"><div class=\"fusion-title title fusion-title-1 fusion-sep-none fusion-title-center fusion-title-text fusion-title-size-one\" style=\"--awb-text-color:var(--awb-color4);\"><h1 class=\"fusion-title-heading title-heading-center\" style=\"margin:0;\">Personvernerkl\u00e6ring<\/h1><\/div><nav class=\"fusion-breadcrumbs awb-yoast-breadcrumbs fusion-breadcrumbs-1\" style=\"--awb-alignment:center;--awb-breadcrumb-sep:&#039;&gt;&#039;;text-align:center;\" aria-label=\"Breadcrumb\"><ol class=\"awb-breadcrumb-list\"><li class=\"fusion-breadcrumb-item awb-breadcrumb-sep awb-home\" ><a href=\"https:\/\/www.vitbuve.com\/no\/\" class=\"fusion-breadcrumb-link\"><span >Home<\/span><\/a><\/li><\/ol><\/nav><\/div><\/div><\/div><\/div><div class=\"fusion-fullwidth fullwidth-box fusion-builder-row-2 fusion-flex-container has-pattern-background has-mask-background nonhundred-percent-fullwidth non-hundred-percent-height-scrolling\" style=\"--awb-border-radius-top-left:0px;--awb-border-radius-top-right:0px;--awb-border-radius-bottom-right:0px;--awb-border-radius-bottom-left:0px;--awb-flex-wrap:wrap;\" ><div class=\"fusion-builder-row fusion-row fusion-flex-align-items-flex-start fusion-flex-content-wrap\" style=\"max-width:calc( 1216px + 20px );margin-left: calc(-20px \/ 2 );margin-right: calc(-20px \/ 2 );\"><div class=\"fusion-layout-column fusion_builder_column fusion-builder-column-1 fusion_builder_column_1_1 1_1 fusion-flex-column\" style=\"--awb-bg-size:cover;--awb-width-large:100%;--awb-margin-top-large:0px;--awb-spacing-right-large:10px;--awb-margin-bottom-large:0px;--awb-spacing-left-large:10px;--awb-width-medium:100%;--awb-order-medium:0;--awb-spacing-right-medium:10px;--awb-spacing-left-medium:10px;--awb-width-small:100%;--awb-order-small:0;--awb-spacing-right-small:10px;--awb-spacing-left-small:10px;\"><div class=\"fusion-column-wrapper fusion-column-has-shadow fusion-flex-justify-content-flex-start fusion-content-layout-column\"><div class=\"fusion-text fusion-text-1\"><h4><strong>Form\u00e5l med personvernerkl\u00e6ringen<\/strong><\/h4>\n<p>Form\u00e5let med denne erkl\u00e6ringen er \u00e5 gi informasjon til registrerte \u2013 fysiske personer \u2013 om form\u00e5lene med behandlingen av personopplysninger, rettslig grunnlag, kategorier av mottakere av personopplysninger, lagring og beskyttelse av data samt den registrertes rettigheter.<\/p>\n<h4><strong>Behandlingsansvarlig<\/strong><\/h4>\n<p>SIA VITB\u016aVE, registreringsnummer 44103037968, juridisk adresse \u201cAmatnieki\u201d, Limbazu pag., Limbazu nov., LV-4001, Latvia.<\/p>\n<h4><strong>Bruk av personvernerkl\u00e6ringen<\/strong><\/h4>\n<p>VITB\u016aVE anvender denne personvernerkl\u00e6ringen ved behandling av personopplysninger og n\u00e5r du samhandler med oss via v\u00e5r nettside vitbuve.lv. VITB\u016aVE sikrer at dine personopplysninger behandles p\u00e5 rettslig grunnlag som definert i denne erkl\u00e6ringen og i EUs personvernforordning (GDPR) 2016\/679 av 27. april 2016. VITB\u016aVE forplikter seg til \u00e5 sikre at dine personopplysninger er beskyttet og aldri misbrukes.<\/p>\n<h4><strong>Form\u00e5l med behandlingen og rettslig grunnlag<\/strong><\/h4>\n<p>VITB\u016aVE kan bruke dine personopplysninger til f\u00f8lgende form\u00e5l:<\/p>\n<ul>\n<li>Potensiell rekruttering ved mottak av CV og s\u00f8knadsbrev (berettiget interesse, den registrertes samtykke);<\/li>\n<li>Enkel reservasjon av varer og tjenester, tilrettelegging av samarbeid, forbedring av tjenester (berettiget interesse, den registrertes samtykke);<\/li>\n<li>Salgskontrakter og levering av tjenester (inng\u00e5else og oppfyllelse av kontraktsforpliktelser);<\/li>\n<li>Kj\u00f8psavtaler for varer og tjenester samt annet samarbeid (inng\u00e5else og oppfyllelse av kontraktsforpliktelser);<\/li>\n<li>Rask og kvalitativ kommunikasjon ved besvarelse av mottatte sp\u00f8rsm\u00e5l eller kommentarer, samt informasjon om selskapets produkter og tjenester med mottakerens samtykke (berettiget interesse, den registrertes samtykke);<\/li>\n<li>Analyse og markedsunders\u00f8kelser om bruk av v\u00e5r nettside, produkter og tjenester (berettiget interesse, den registrertes samtykke);<\/li>\n<li>Ivaretakelse av helse og sikkerhet i selskapets lokaler og omr\u00e5der ved bruk av kameraoverv\u00e5king (berettiget interesse).<\/li>\n<\/ul>\n<h4><strong>Kategorier av mottakere av personopplysninger<\/strong><\/h4>\n<p>Den behandlingsansvarlige kan utlevere personopplysninger til tredjeparter, men kun i den utstrekning det er n\u00f8dvendig for \u00e5 oppn\u00e5 form\u00e5lene i denne erkl\u00e6ringen og n\u00e5r det er n\u00f8dvendig for \u00e5 oppfylle lovp\u00e5lagte eller kontraktsmessige forpliktelser:<\/p>\n<ul>\n<li>Til offentlige myndigheter for \u00e5 oppfylle forpliktelser i henhold til lover og forskrifter;<\/li>\n<li>Til organisasjoner og institusjoner for \u00e5 oppfylle kontraktsmessige forpliktelser;<\/li>\n<li>I enkelte tilfeller kan databehandling settes ut til databehandlere som garanterer beskyttelse av den registrertes rettigheter i samsvar med gjeldende regelverk.<\/li>\n<\/ul>\n<p>Dine personopplysninger vil ikke bli overf\u00f8rt til tredjeland eller internasjonale organisasjoner.<\/p>\n<h4><strong>Lagring av personopplysninger<\/strong><\/h4>\n<p>Personopplysninger samles inn og behandles kun for de ovennevnte form\u00e5lene og lagres til disse form\u00e5lene er oppfylt, VITB\u016aVEs interesser er ivaretatt, eller til utl\u00f8pet av lagrings- og ansvarsperioder fastsatt i gjeldende lovgivning. Deretter slettes eller arkiveres opplysningene.<\/p>\n<p>Tilgang til personopplysninger gis kun til personer som trenger \u00e5 behandle data som en del av sitt arbeid eller sine oppgaver. Alle slike personer er oppl\u00e6rt i \u00e5 ivareta den registrertes rettigheter.<\/p>\n<h4><strong>Den registrertes rettigheter<\/strong><\/h4>\n<p>Du har rett til \u00e5 vite hvilke personopplysninger VITB\u016aVE behandler om deg, med mindre du allerede har slik informasjon. Du har rett til \u00e5 be VITB\u016aVE om \u00e5 rette, slette eller begrense behandlingen av personopplysninger, samt \u00e5 protestere mot behandlingen og n\u00e5r som helst trekke tilbake samtykke du har gitt, uten at dette p\u00e5virker lovligheten av behandlingen basert p\u00e5 samtykke f\u00f8r tilbaketrekningen. Du har ogs\u00e5 rett til \u00e5 klage til tilsynsmyndigheten.<\/p>\n<h4><strong>Databeskyttelse<\/strong><\/h4>\n<p>VITB\u016aVE implementerer og opprettholder egnede administrative, fysiske, tekniske og organisatoriske tiltak for \u00e5 beskytte dine personopplysninger mot utilsiktet eller ulovlig \u00f8deleggelse, tap, endring, utlevering eller tilgang.<\/p>\n<h4><strong>Ikrafttredelse<\/strong><\/h4>\n<p>VITB\u016aVE forbeholder seg retten til \u00e5 endre denne personvernerkl\u00e6ringen uten s\u00e6rskilt varsel. Den nyeste versjonen av personvernerkl\u00e6ringen som publiseres p\u00e5 vitbuve.lv erstatter tidligere versjoner.<\/p>\n<h4><strong>Ditt samtykke til denne personvernerkl\u00e6ringen<\/strong><\/h4>\n<p>Ved \u00e5 gi dine personopplysninger til VITB\u016aVE godtar du vilk\u00e5rene i denne erkl\u00e6ringen.<\/p>\n<h4>Bruk av informasjonskapsler<\/h4>\n<p><script\n  id=\"CookieDeclaration\"\n  data-culture=\"no\"\n  src=\"https:\/\/consent.cookiebot.com\/aa913a6b-226a-4c2e-9d68-3e104690775f\/cd.js\"\n  type=\"text\/javascript\"\n  async>\n<\/script><\/p>\n<h4><strong>Kontaktinformasjon<\/strong><\/h4>\n<p>Dersom du har sp\u00f8rsm\u00e5l, bekymringer eller \u00f8nsker \u00e5 klage p\u00e5 denne personvernerkl\u00e6ringen, kan du kontakte oss via e-post: info@vitbuve.lv, per post: SIA \u201cVITB\u016aVE\u201d, \u201cAmatnieki\u201d, Limbazu pag., Limbazu nov., LV-4001, Latvia, eller per telefon: +371 67288161.<\/p>\n<\/div><\/div><\/div><\/div><\/div><\/p>\n","protected":false},"excerpt":{"rendered":"","protected":false},"author":1,"featured_media":0,"parent":0,"menu_order":0,"comment_status":"closed","ping_status":"closed","template":"100-width.php","meta":{"footnotes":""},"class_list":["post-5363","page","type-page","status-publish","hentry"],"yoast_head":"<!-- This site is optimized with the Yoast SEO plugin v26.9 - https:\/\/yoast.com\/product\/yoast-seo-wordpress\/ -->\n<title>Personvernerkl\u00e6ring &#8211; VITB\u016aVE<\/title>\n<meta name=\"description\" content=\"Denne personvernerkl\u00e6ringen forklarer hvordan vi samler inn, bruker, lagrer og beskytter personopplysninger n\u00e5r du bes\u00f8ker nettstedet v\u00e5rt eller kontakter oss.\" \/>\n<meta name=\"robots\" content=\"index, follow, max-snippet:-1, max-image-preview:large, max-video-preview:-1\" \/>\n<link rel=\"canonical\" href=\"https:\/\/www.vitbuve.com\/no\/personvernerklaering\/\" \/>\n<meta property=\"og:locale\" content=\"nb_NO\" \/>\n<meta property=\"og:type\" content=\"article\" \/>\n<meta property=\"og:title\" content=\"Personvernerkl\u00e6ring &#8211; VITB\u016aVE\" \/>\n<meta property=\"og:description\" content=\"Denne personvernerkl\u00e6ringen forklarer hvordan vi samler inn, bruker, lagrer og beskytter personopplysninger n\u00e5r du bes\u00f8ker nettstedet v\u00e5rt eller kontakter oss.\" \/>\n<meta property=\"og:url\" content=\"https:\/\/www.vitbuve.com\/no\/personvernerklaering\/\" \/>\n<meta property=\"og:site_name\" content=\"VITB\u016aVE\" \/>\n<meta property=\"article:modified_time\" content=\"2026-03-17T14:35:22+00:00\" \/>\n<meta name=\"twitter:card\" content=\"summary_large_image\" \/>\n<meta name=\"twitter:label1\" content=\"Ansl. lesetid\" \/>\n\t<meta name=\"twitter:data1\" content=\"3 minutter\" \/>\n<script type=\"application\/ld+json\" class=\"yoast-schema-graph\">{\"@context\":\"https:\/\/schema.org\",\"@graph\":[{\"@type\":\"WebPage\",\"@id\":\"https:\/\/www.vitbuve.com\/no\/personvernerklaering\/\",\"url\":\"https:\/\/www.vitbuve.com\/no\/personvernerklaering\/\",\"name\":\"Personvernerkl\u00e6ring &#8211; VITB\u016aVE\",\"isPartOf\":{\"@id\":\"https:\/\/www.vitbuve.com\/no\/#website\"},\"datePublished\":\"2025-11-28T10:37:24+00:00\",\"dateModified\":\"2026-03-17T14:35:22+00:00\",\"description\":\"Denne personvernerkl\u00e6ringen forklarer hvordan vi samler inn, bruker, lagrer og beskytter personopplysninger n\u00e5r du bes\u00f8ker nettstedet v\u00e5rt eller kontakter oss.\",\"breadcrumb\":{\"@id\":\"https:\/\/www.vitbuve.com\/no\/personvernerklaering\/#breadcrumb\"},\"inLanguage\":\"nb-NO\",\"potentialAction\":[{\"@type\":\"ReadAction\",\"target\":[\"https:\/\/www.vitbuve.com\/no\/personvernerklaering\/\"]}]},{\"@type\":\"BreadcrumbList\",\"@id\":\"https:\/\/www.vitbuve.com\/no\/personvernerklaering\/#breadcrumb\",\"itemListElement\":[{\"@type\":\"ListItem\",\"position\":1,\"name\":\"Hjem\",\"item\":\"https:\/\/www.vitbuve.com\/no\/\"},{\"@type\":\"ListItem\",\"position\":2,\"name\":\"Personvernerkl\u00e6ring\"}]},{\"@type\":\"WebSite\",\"@id\":\"https:\/\/www.vitbuve.com\/no\/#website\",\"url\":\"https:\/\/www.vitbuve.com\/no\/\",\"name\":\"VITB\u016aVE\",\"description\":\"Prefab Wooden Frame Houses\",\"alternateName\":\"Vitb\u016bve\",\"potentialAction\":[{\"@type\":\"SearchAction\",\"target\":{\"@type\":\"EntryPoint\",\"urlTemplate\":\"https:\/\/www.vitbuve.com\/no\/?s={search_term_string}\"},\"query-input\":{\"@type\":\"PropertyValueSpecification\",\"valueRequired\":true,\"valueName\":\"search_term_string\"}}],\"inLanguage\":\"nb-NO\"}]}<\/script>\n<!-- \/ Yoast SEO plugin. -->","yoast_head_json":{"title":"Personvernerkl\u00e6ring &#8211; VITB\u016aVE","description":"Denne personvernerkl\u00e6ringen forklarer hvordan vi samler inn, bruker, lagrer og beskytter personopplysninger n\u00e5r du bes\u00f8ker nettstedet v\u00e5rt eller kontakter oss.","robots":{"index":"index","follow":"follow","max-snippet":"max-snippet:-1","max-image-preview":"max-image-preview:large","max-video-preview":"max-video-preview:-1"},"canonical":"https:\/\/www.vitbuve.com\/no\/personvernerklaering\/","og_locale":"nb_NO","og_type":"article","og_title":"Personvernerkl\u00e6ring &#8211; VITB\u016aVE","og_description":"Denne personvernerkl\u00e6ringen forklarer hvordan vi samler inn, bruker, lagrer og beskytter personopplysninger n\u00e5r du bes\u00f8ker nettstedet v\u00e5rt eller kontakter oss.","og_url":"https:\/\/www.vitbuve.com\/no\/personvernerklaering\/","og_site_name":"VITB\u016aVE","article_modified_time":"2026-03-17T14:35:22+00:00","twitter_card":"summary_large_image","twitter_misc":{"Ansl. lesetid":"3 minutter"},"schema":{"@context":"https:\/\/schema.org","@graph":[{"@type":"WebPage","@id":"https:\/\/www.vitbuve.com\/no\/personvernerklaering\/","url":"https:\/\/www.vitbuve.com\/no\/personvernerklaering\/","name":"Personvernerkl\u00e6ring &#8211; VITB\u016aVE","isPartOf":{"@id":"https:\/\/www.vitbuve.com\/no\/#website"},"datePublished":"2025-11-28T10:37:24+00:00","dateModified":"2026-03-17T14:35:22+00:00","description":"Denne personvernerkl\u00e6ringen forklarer hvordan vi samler inn, bruker, lagrer og beskytter personopplysninger n\u00e5r du bes\u00f8ker nettstedet v\u00e5rt eller kontakter oss.","breadcrumb":{"@id":"https:\/\/www.vitbuve.com\/no\/personvernerklaering\/#breadcrumb"},"inLanguage":"nb-NO","potentialAction":[{"@type":"ReadAction","target":["https:\/\/www.vitbuve.com\/no\/personvernerklaering\/"]}]},{"@type":"BreadcrumbList","@id":"https:\/\/www.vitbuve.com\/no\/personvernerklaering\/#breadcrumb","itemListElement":[{"@type":"ListItem","position":1,"name":"Hjem","item":"https:\/\/www.vitbuve.com\/no\/"},{"@type":"ListItem","position":2,"name":"Personvernerkl\u00e6ring"}]},{"@type":"WebSite","@id":"https:\/\/www.vitbuve.com\/no\/#website","url":"https:\/\/www.vitbuve.com\/no\/","name":"VITB\u016aVE","description":"Prefab Wooden Frame Houses","alternateName":"Vitb\u016bve","potentialAction":[{"@type":"SearchAction","target":{"@type":"EntryPoint","urlTemplate":"https:\/\/www.vitbuve.com\/no\/?s={search_term_string}"},"query-input":{"@type":"PropertyValueSpecification","valueRequired":true,"valueName":"search_term_string"}}],"inLanguage":"nb-NO"}]}},"_links":{"self":[{"href":"https:\/\/www.vitbuve.com\/no\/wp-json\/wp\/v2\/pages\/5363","targetHints":{"allow":["GET"]}}],"collection":[{"href":"https:\/\/www.vitbuve.com\/no\/wp-json\/wp\/v2\/pages"}],"about":[{"href":"https:\/\/www.vitbuve.com\/no\/wp-json\/wp\/v2\/types\/page"}],"author":[{"embeddable":true,"href":"https:\/\/www.vitbuve.com\/no\/wp-json\/wp\/v2\/users\/1"}],"replies":[{"embeddable":true,"href":"https:\/\/www.vitbuve.com\/no\/wp-json\/wp\/v2\/comments?post=5363"}],"version-history":[{"count":7,"href":"https:\/\/www.vitbuve.com\/no\/wp-json\/wp\/v2\/pages\/5363\/revisions"}],"predecessor-version":[{"id":6387,"href":"https:\/\/www.vitbuve.com\/no\/wp-json\/wp\/v2\/pages\/5363\/revisions\/6387"}],"wp:attachment":[{"href":"https:\/\/www.vitbuve.com\/no\/wp-json\/wp\/v2\/media?parent=5363"}],"curies":[{"name":"wp","href":"https:\/\/api.w.org\/{rel}","templated":true}]}}