{"id":5353,"date":"2025-11-28T12:37:24","date_gmt":"2025-11-28T10:37:24","guid":{"rendered":"https:\/\/vitbuve.codeconomy.dev\/privatuma-politika\/"},"modified":"2026-03-17T16:26:28","modified_gmt":"2026-03-17T14:26:28","slug":"privatuma-politika","status":"publish","type":"page","link":"https:\/\/www.vitbuve.com\/lv\/privatuma-politika\/","title":{"rendered":"Priv\u0101tuma politika"},"content":{"rendered":"<p><div class=\"fusion-fullwidth fullwidth-box fusion-builder-row-1 fusion-flex-container has-pattern-background has-mask-background fusion-parallax-none hero-banner-container nonhundred-percent-fullwidth non-hundred-percent-height-scrolling\" style=\"--link_color: var(--awb-color1);--awb-border-radius-top-left:0px;--awb-border-radius-top-right:0px;--awb-border-radius-bottom-right:0px;--awb-border-radius-bottom-left:0px;--awb-background-image:url(&quot;https:\/\/www.vitbuve.com\/wp-content\/uploads\/2025\/10\/hero-background-secondary-scaled.png&quot;);--awb-background-size:cover;--awb-flex-wrap:wrap;\" ><div class=\"fusion-builder-row fusion-row fusion-flex-align-items-center fusion-flex-align-content-center fusion-flex-content-wrap\" style=\"max-width:calc( 1216px + 20px );margin-left: calc(-20px \/ 2 );margin-right: calc(-20px \/ 2 );\"><div class=\"fusion-layout-column fusion_builder_column fusion-builder-column-0 fusion_builder_column_1_1 1_1 fusion-flex-column fusion-flex-align-self-center\" style=\"--awb-bg-size:cover;--awb-width-large:100%;--awb-margin-top-large:0px;--awb-spacing-right-large:10px;--awb-margin-bottom-large:0px;--awb-spacing-left-large:10px;--awb-width-medium:100%;--awb-order-medium:0;--awb-spacing-right-medium:10px;--awb-spacing-left-medium:10px;--awb-width-small:100%;--awb-order-small:0;--awb-spacing-right-small:10px;--awb-spacing-left-small:10px;\" data-scroll-devices=\"small-visibility,medium-visibility,large-visibility\"><div class=\"fusion-column-wrapper fusion-column-has-shadow fusion-flex-justify-content-center fusion-content-layout-column\"><div class=\"fusion-title title fusion-title-1 fusion-sep-none fusion-title-center fusion-title-text fusion-title-size-one\" style=\"--awb-text-color:var(--awb-color4);\"><h1 class=\"fusion-title-heading title-heading-center\" style=\"margin:0;\">Priv\u0101tuma politika<\/h1><\/div><nav class=\"fusion-breadcrumbs awb-yoast-breadcrumbs fusion-breadcrumbs-1\" style=\"--awb-alignment:center;--awb-breadcrumb-sep:&#039;&gt;&#039;;text-align:center;\" aria-label=\"Breadcrumb\"><ol class=\"awb-breadcrumb-list\"><li class=\"fusion-breadcrumb-item awb-breadcrumb-sep awb-home\" ><a href=\"https:\/\/www.vitbuve.com\/lv\/\" class=\"fusion-breadcrumb-link\"><span >Home<\/span><\/a><\/li><\/ol><\/nav><\/div><\/div><\/div><\/div><div class=\"fusion-fullwidth fullwidth-box fusion-builder-row-2 fusion-flex-container has-pattern-background has-mask-background nonhundred-percent-fullwidth non-hundred-percent-height-scrolling\" style=\"--awb-border-radius-top-left:0px;--awb-border-radius-top-right:0px;--awb-border-radius-bottom-right:0px;--awb-border-radius-bottom-left:0px;--awb-flex-wrap:wrap;\" ><div class=\"fusion-builder-row fusion-row fusion-flex-align-items-flex-start fusion-flex-content-wrap\" style=\"max-width:calc( 1216px + 20px );margin-left: calc(-20px \/ 2 );margin-right: calc(-20px \/ 2 );\"><div class=\"fusion-layout-column fusion_builder_column fusion-builder-column-1 fusion_builder_column_1_1 1_1 fusion-flex-column\" style=\"--awb-bg-size:cover;--awb-width-large:100%;--awb-margin-top-large:0px;--awb-spacing-right-large:10px;--awb-margin-bottom-large:0px;--awb-spacing-left-large:10px;--awb-width-medium:100%;--awb-order-medium:0;--awb-spacing-right-medium:10px;--awb-spacing-left-medium:10px;--awb-width-small:100%;--awb-order-small:0;--awb-spacing-right-small:10px;--awb-spacing-left-small:10px;\"><div class=\"fusion-column-wrapper fusion-column-has-shadow fusion-flex-justify-content-flex-start fusion-content-layout-column\"><div class=\"fusion-text fusion-text-1\"><h4><strong>Priv\u0101tuma politikas m\u0113r\u0137is<\/strong><\/h4>\n<p>\u0160\u012bs politikas m\u0113r\u0137is ir sniegt inform\u0101ciju datu subjektiem \u2013 fizisk\u0101m person\u0101m \u2013 par personas datu apstr\u0101des nol\u016bkiem, tiesisko pamatu, personas datu sa\u0146\u0113m\u0113ju kategorij\u0101m, datu glab\u0101\u0161anu un aizsardz\u012bbu, k\u0101 ar\u012b datu subjekta ties\u012bb\u0101m.<\/p>\n<h4><strong>Datu p\u0101rzinis<\/strong><\/h4>\n<p>SIA VITB\u016aVE, re\u0123istr\u0101cijas numurs 44103037968, juridisk\u0101 adrese: \u201cAmatnieki\u201d, Limba\u017eu pag., Limba\u017eu nov., LV-4001, Latvija.<\/p>\n<h4><strong>Priv\u0101tuma politikas piem\u0113ro\u0161ana<\/strong><\/h4>\n<p>VITB\u016aVE piem\u0113ro \u0161o Priv\u0101tuma politiku, apstr\u0101d\u0101jot personas datus un kad j\u016bs mijiedarbojaties ar mums, izmantojot m\u016bsu t\u012bmek\u013ca vietni vitbuve.lv. VITB\u016aVE nodro\u0161ina, ka j\u016bsu personas dati tiek aizsarg\u0101ti saska\u0146\u0101 ar \u0161aj\u0101 politik\u0101 noteikto tiesisko pamatu un Eiropas Parlamenta un Padomes Regulu (ES) 2016\/679 (Visp\u0101r\u012bg\u0101 datu aizsardz\u012bbas regula) no 2016. gada 27. apr\u012b\u013ca. VITB\u016aVE ap\u0146emas nodro\u0161in\u0101t, ka j\u016bsu personas dati tiek aizsarg\u0101ti un netiek \u013caunpr\u0101t\u012bgi izmantoti.<\/p>\n<h4><strong>Apstr\u0101des nol\u016bki un tiesiskais pamats<\/strong><\/h4>\n<p>VITB\u016aVE var izmantot j\u016bsu personas datus \u0161\u0101diem nol\u016bkiem:<\/p>\n<ul>\n<li>Potenci\u0101lo darbinieku atlasei, sa\u0146emot j\u016bsu CV un pieteikuma v\u0113stuli (le\u0123it\u012bm\u0101s intereses, datu subjekta piekri\u0161ana);<\/li>\n<li>\u0112rtai pre\u010du un pakalpojumu rezerv\u0113\u0161anai, sadarb\u012bbas organiz\u0113\u0161anai, pakalpojumu uzlabo\u0161anai (le\u0123it\u012bm\u0101s intereses, datu subjekta piekri\u0161ana);<\/li>\n<li>P\u0101rdo\u0161anas l\u012bgumu nosl\u0113g\u0161anai un pakalpojumu snieg\u0161anai (l\u012bgumisko attiec\u012bbu nodibin\u0101\u0161ana un l\u012bgumsaist\u012bbu izpilde);<\/li>\n<li>Pre\u010du un pakalpojumu iepirkuma l\u012bgumu nosl\u0113g\u0161anai un citas sadarb\u012bbas organiz\u0113\u0161anai (l\u012bgumisko attiec\u012bbu nodibin\u0101\u0161ana un l\u012bgumsaist\u012bbu izpilde);<\/li>\n<li>\u0100tras un kvalitat\u012bvas komunik\u0101cijas nodro\u0161in\u0101\u0161anai, atbildot uz sa\u0146emtajiem jaut\u0101jumiem vai koment\u0101riem, k\u0101 ar\u012b sniedzot inform\u0101ciju par uz\u0146\u0113muma produktiem un pakalpojumiem ar sa\u0146\u0113m\u0113ja piekri\u0161anu (le\u0123it\u012bm\u0101s intereses, datu subjekta piekri\u0161ana);<\/li>\n<li>Anal\u012btikai un tirgus izp\u0113tei par m\u016bsu t\u012bmek\u013ca vietnes, produktu un pakalpojumu izmanto\u0161anu (le\u0123it\u012bm\u0101s intereses, datu subjekta piekri\u0161ana);<\/li>\n<li>Vesel\u012bbas un dro\u0161\u012bbas nodro\u0161in\u0101\u0161anai uz\u0146\u0113muma telp\u0101s un teritorij\u0101, izmantojot videonov\u0113ro\u0161anu (le\u0123it\u012bm\u0101s intereses).<\/li>\n<\/ul>\n<h4><strong>Personas datu sa\u0146\u0113m\u0113ju kategorijas<\/strong><\/h4>\n<p>Datu p\u0101rzinis var izpaust personas datus tre\u0161aj\u0101m person\u0101m, ta\u010du tikai t\u0101d\u0101 apjom\u0101, k\u0101ds nepiecie\u0161ams \u0161\u012bs politikas m\u0113r\u0137u sasnieg\u0161anai un ja tas nepiecie\u0161ams normat\u012bvo aktu vai l\u012bgumsaist\u012bbu izpildei:<\/p>\n<ul>\n<li>Valsts iest\u0101d\u0113m, lai izpild\u012btu normat\u012bvajos aktos noteikt\u0101s pras\u012bbas;<\/li>\n<li>Organiz\u0101cij\u0101m un instit\u016bcij\u0101m l\u012bgumsaist\u012bbu izpildei;<\/li>\n<li>Atsevi\u0161\u0137os gad\u012bjumos datu apstr\u0101de var tikt uztic\u0113ta \u0101rpakalpojumu sniedz\u0113jiem, kuri garant\u0113 datu subjekta ties\u012bbu aizsardz\u012bbu atbilsto\u0161i normat\u012bvo aktu pras\u012bb\u0101m.<\/li>\n<\/ul>\n<p>J\u016bsu personas dati netiks nos\u016bt\u012bti uz tre\u0161aj\u0101m valst\u012bm vai starptautisk\u0101m organiz\u0101cij\u0101m.<\/p>\n<h4><strong>Personas datu glab\u0101\u0161ana<\/strong><\/h4>\n<p>Personas dati tiek v\u0101kti un apstr\u0101d\u0101ti tikai iepriek\u0161 min\u0113tajiem nol\u016bkiem un tiek glab\u0101ti l\u012bdz \u0161o nol\u016bku sasnieg\u0161anai, VITB\u016aVE intere\u0161u aizsardz\u012bbai vai l\u012bdz normat\u012bvajos aktos noteikto glab\u0101\u0161anas un noilguma termi\u0146u beig\u0101m. P\u0113c tam dati tiek dz\u0113sti vai arhiv\u0113ti.<\/p>\n<p>Piek\u013cuve personas datiem ir tikai t\u0101m person\u0101m, kur\u0101m tas nepiecie\u0161ams darba pien\u0101kumu izpildei. \u0160\u012bs personas ir apm\u0101c\u012btas datu subjekta ties\u012bbu aizsardz\u012bbas jom\u0101.<\/p>\n<h4><strong>Datu subjekta ties\u012bbas<\/strong><\/h4>\n<p>Jums ir ties\u012bbas zin\u0101t, k\u0101dus personas datus VITB\u016aVE apstr\u0101d\u0101, ja vien jums \u0161\u012b inform\u0101cija jau nav pieejama. Jums ir ties\u012bbas piepras\u012bt VITB\u016aVE labot, dz\u0113st vai ierobe\u017eot personas datu apstr\u0101di, iebilst pret datu apstr\u0101di, k\u0101 ar\u012b jebkur\u0101 laik\u0101 atsaukt sniegto piekri\u0161anu, neietekm\u0113jot apstr\u0101des likum\u012bbu, kas veikta l\u012bdz piekri\u0161anas atsauk\u0161anai. Jums ir ties\u012bbas iesniegt s\u016bdz\u012bbu uzraudz\u012bbas iest\u0101dei.<\/p>\n<h4><strong>Datu aizsardz\u012bba<\/strong><\/h4>\n<p>VITB\u016aVE ievie\u0161 un uztur atbilsto\u0161us administrat\u012bvus, fiziskus, tehniskus un organizatoriskus pas\u0101kumus, lai aizsarg\u0101tu j\u016bsu personas datus pret nejau\u0161u vai nelikum\u012bgu izn\u012bcin\u0101\u0161anu, zudumu, izmai\u0146\u0101m, izpau\u0161anu vai piek\u013cuvi.<\/p>\n<h4><strong>St\u0101\u0161an\u0101s sp\u0113k\u0101<\/strong><\/h4>\n<p>VITB\u016aVE patur ties\u012bbas groz\u012bt \u0161o Priv\u0101tuma politiku bez atsevi\u0161\u0137a pazi\u0146ojuma. Jaun\u0101k\u0101 Priv\u0101tuma politikas versija, kas public\u0113ta t\u012bmek\u013ca vietn\u0113 vitbuve.lv, aizst\u0101j iepriek\u0161\u0113jo versiju.<\/p>\n<h4><strong>J\u016bsu piekri\u0161ana \u0161ai Priv\u0101tuma politikai<\/strong><\/h4>\n<p>Sniedzot savus personas datus VITB\u016aVE, j\u016bs piekr\u012btat \u0161\u012bs politikas noteikumiem.<\/p>\n<h4><strong>S\u012bkdat\u0146u lieto\u0161ana<\/strong><\/h4>\n<p><script\n  id=\"CookieDeclaration\"\n  data-culture=\"lv\"\n  src=\"https:\/\/consent.cookiebot.com\/aa913a6b-226a-4c2e-9d68-3e104690775f\/cd.js\"\n  type=\"text\/javascript\"\n  async>\n<\/script><\/p>\n<h4><strong>Kontaktinform\u0101cija<\/strong><\/h4>\n<p>Ja jums ir jaut\u0101jumi, ba\u017eas vai v\u0113laties iesniegt s\u016bdz\u012bbu par \u0161o Priv\u0101tuma politiku, l\u016bdzu, sazinieties ar mums pa e-pastu:info@vitbuve.lv pa pastu: SIA \u201cVITB\u016aVE\u201d, \u201cAmatnieki\u201d, Limbazu pag., Limbazu nov., LV-4001, Latvia, vai pa t\u0101lruni +371 67288161.<\/p>\n<\/div><\/div><\/div><\/div><\/div><\/p>\n","protected":false},"excerpt":{"rendered":"","protected":false},"author":1,"featured_media":0,"parent":0,"menu_order":0,"comment_status":"closed","ping_status":"closed","template":"100-width.php","meta":{"footnotes":""},"class_list":["post-5353","page","type-page","status-publish","hentry"],"yoast_head":"<!-- This site is optimized with the Yoast SEO plugin v26.9 - https:\/\/yoast.com\/product\/yoast-seo-wordpress\/ -->\n<title>Priv\u0101tuma politika &#8211; VITB\u016aVE<\/title>\n<meta name=\"description\" content=\"This Privacy Policy explains how we collect, use, store and protect personal data when you visit our website or contact us.\" \/>\n<meta name=\"robots\" content=\"index, follow, max-snippet:-1, max-image-preview:large, max-video-preview:-1\" \/>\n<link rel=\"canonical\" href=\"https:\/\/www.vitbuve.com\/lv\/privatuma-politika\/\" \/>\n<meta property=\"og:locale\" content=\"lv_LV\" \/>\n<meta property=\"og:type\" content=\"article\" \/>\n<meta property=\"og:title\" content=\"Priv\u0101tuma politika &#8211; VITB\u016aVE\" \/>\n<meta property=\"og:description\" content=\"This Privacy Policy explains how we collect, use, store and protect personal data when you visit our website or contact us.\" \/>\n<meta property=\"og:url\" content=\"https:\/\/www.vitbuve.com\/lv\/privatuma-politika\/\" \/>\n<meta property=\"og:site_name\" content=\"VITB\u016aVE\" \/>\n<meta property=\"article:modified_time\" content=\"2026-03-17T14:26:28+00:00\" \/>\n<meta name=\"twitter:card\" content=\"summary_large_image\" \/>\n<meta name=\"twitter:label1\" content=\"Est. reading time\" \/>\n\t<meta name=\"twitter:data1\" content=\"3 min\u016btes\" \/>\n<script type=\"application\/ld+json\" class=\"yoast-schema-graph\">{\"@context\":\"https:\/\/schema.org\",\"@graph\":[{\"@type\":\"WebPage\",\"@id\":\"https:\/\/www.vitbuve.com\/lv\/privatuma-politika\/\",\"url\":\"https:\/\/www.vitbuve.com\/lv\/privatuma-politika\/\",\"name\":\"Priv\u0101tuma politika &#8211; VITB\u016aVE\",\"isPartOf\":{\"@id\":\"https:\/\/www.vitbuve.com\/lv\/#website\"},\"datePublished\":\"2025-11-28T10:37:24+00:00\",\"dateModified\":\"2026-03-17T14:26:28+00:00\",\"description\":\"This Privacy Policy explains how we collect, use, store and protect personal data when you visit our website or contact us.\",\"breadcrumb\":{\"@id\":\"https:\/\/www.vitbuve.com\/lv\/privatuma-politika\/#breadcrumb\"},\"inLanguage\":\"lv-LV\",\"potentialAction\":[{\"@type\":\"ReadAction\",\"target\":[\"https:\/\/www.vitbuve.com\/lv\/privatuma-politika\/\"]}]},{\"@type\":\"BreadcrumbList\",\"@id\":\"https:\/\/www.vitbuve.com\/lv\/privatuma-politika\/#breadcrumb\",\"itemListElement\":[{\"@type\":\"ListItem\",\"position\":1,\"name\":\"S\u0101kums\",\"item\":\"https:\/\/www.vitbuve.com\/lv\/\"},{\"@type\":\"ListItem\",\"position\":2,\"name\":\"Priv\u0101tuma politika\"}]},{\"@type\":\"WebSite\",\"@id\":\"https:\/\/www.vitbuve.com\/lv\/#website\",\"url\":\"https:\/\/www.vitbuve.com\/lv\/\",\"name\":\"VITB\u016aVE\",\"description\":\"Koka Karkasa M\u0101jas\",\"alternateName\":\"Vitb\u016bve\",\"potentialAction\":[{\"@type\":\"SearchAction\",\"target\":{\"@type\":\"EntryPoint\",\"urlTemplate\":\"https:\/\/www.vitbuve.com\/lv\/?s={search_term_string}\"},\"query-input\":{\"@type\":\"PropertyValueSpecification\",\"valueRequired\":true,\"valueName\":\"search_term_string\"}}],\"inLanguage\":\"lv-LV\"}]}<\/script>\n<!-- \/ Yoast SEO plugin. -->","yoast_head_json":{"title":"Priv\u0101tuma politika &#8211; VITB\u016aVE","description":"This Privacy Policy explains how we collect, use, store and protect personal data when you visit our website or contact us.","robots":{"index":"index","follow":"follow","max-snippet":"max-snippet:-1","max-image-preview":"max-image-preview:large","max-video-preview":"max-video-preview:-1"},"canonical":"https:\/\/www.vitbuve.com\/lv\/privatuma-politika\/","og_locale":"lv_LV","og_type":"article","og_title":"Priv\u0101tuma politika &#8211; VITB\u016aVE","og_description":"This Privacy Policy explains how we collect, use, store and protect personal data when you visit our website or contact us.","og_url":"https:\/\/www.vitbuve.com\/lv\/privatuma-politika\/","og_site_name":"VITB\u016aVE","article_modified_time":"2026-03-17T14:26:28+00:00","twitter_card":"summary_large_image","twitter_misc":{"Est. reading time":"3 min\u016btes"},"schema":{"@context":"https:\/\/schema.org","@graph":[{"@type":"WebPage","@id":"https:\/\/www.vitbuve.com\/lv\/privatuma-politika\/","url":"https:\/\/www.vitbuve.com\/lv\/privatuma-politika\/","name":"Priv\u0101tuma politika &#8211; VITB\u016aVE","isPartOf":{"@id":"https:\/\/www.vitbuve.com\/lv\/#website"},"datePublished":"2025-11-28T10:37:24+00:00","dateModified":"2026-03-17T14:26:28+00:00","description":"This Privacy Policy explains how we collect, use, store and protect personal data when you visit our website or contact us.","breadcrumb":{"@id":"https:\/\/www.vitbuve.com\/lv\/privatuma-politika\/#breadcrumb"},"inLanguage":"lv-LV","potentialAction":[{"@type":"ReadAction","target":["https:\/\/www.vitbuve.com\/lv\/privatuma-politika\/"]}]},{"@type":"BreadcrumbList","@id":"https:\/\/www.vitbuve.com\/lv\/privatuma-politika\/#breadcrumb","itemListElement":[{"@type":"ListItem","position":1,"name":"S\u0101kums","item":"https:\/\/www.vitbuve.com\/lv\/"},{"@type":"ListItem","position":2,"name":"Priv\u0101tuma politika"}]},{"@type":"WebSite","@id":"https:\/\/www.vitbuve.com\/lv\/#website","url":"https:\/\/www.vitbuve.com\/lv\/","name":"VITB\u016aVE","description":"Koka Karkasa M\u0101jas","alternateName":"Vitb\u016bve","potentialAction":[{"@type":"SearchAction","target":{"@type":"EntryPoint","urlTemplate":"https:\/\/www.vitbuve.com\/lv\/?s={search_term_string}"},"query-input":{"@type":"PropertyValueSpecification","valueRequired":true,"valueName":"search_term_string"}}],"inLanguage":"lv-LV"}]}},"_links":{"self":[{"href":"https:\/\/www.vitbuve.com\/lv\/wp-json\/wp\/v2\/pages\/5353","targetHints":{"allow":["GET"]}}],"collection":[{"href":"https:\/\/www.vitbuve.com\/lv\/wp-json\/wp\/v2\/pages"}],"about":[{"href":"https:\/\/www.vitbuve.com\/lv\/wp-json\/wp\/v2\/types\/page"}],"author":[{"embeddable":true,"href":"https:\/\/www.vitbuve.com\/lv\/wp-json\/wp\/v2\/users\/1"}],"replies":[{"embeddable":true,"href":"https:\/\/www.vitbuve.com\/lv\/wp-json\/wp\/v2\/comments?post=5353"}],"version-history":[{"count":6,"href":"https:\/\/www.vitbuve.com\/lv\/wp-json\/wp\/v2\/pages\/5353\/revisions"}],"predecessor-version":[{"id":6382,"href":"https:\/\/www.vitbuve.com\/lv\/wp-json\/wp\/v2\/pages\/5353\/revisions\/6382"}],"wp:attachment":[{"href":"https:\/\/www.vitbuve.com\/lv\/wp-json\/wp\/v2\/media?parent=5353"}],"curies":[{"name":"wp","href":"https:\/\/api.w.org\/{rel}","templated":true}]}}