{"id":5345,"date":"2025-11-28T12:37:24","date_gmt":"2025-11-28T10:37:24","guid":{"rendered":"https:\/\/vitbuve.codeconomy.dev\/personuverndarstefna\/"},"modified":"2026-03-17T16:32:11","modified_gmt":"2026-03-17T14:32:11","slug":"personuverndarstefna","status":"publish","type":"page","link":"https:\/\/www.vitbuve.com\/is\/personuverndarstefna\/","title":{"rendered":"Pers\u00f3nuverndarstefna"},"content":{"rendered":"<p><div class=\"fusion-fullwidth fullwidth-box fusion-builder-row-1 fusion-flex-container has-pattern-background has-mask-background fusion-parallax-none hero-banner-container nonhundred-percent-fullwidth non-hundred-percent-height-scrolling\" style=\"--link_color: var(--awb-color1);--awb-border-radius-top-left:0px;--awb-border-radius-top-right:0px;--awb-border-radius-bottom-right:0px;--awb-border-radius-bottom-left:0px;--awb-background-image:url(&quot;https:\/\/www.vitbuve.com\/wp-content\/uploads\/2025\/10\/hero-background-secondary-scaled.png&quot;);--awb-background-size:cover;--awb-flex-wrap:wrap;\" ><div class=\"fusion-builder-row fusion-row fusion-flex-align-items-center fusion-flex-align-content-center fusion-flex-content-wrap\" style=\"max-width:calc( 1216px + 20px );margin-left: calc(-20px \/ 2 );margin-right: calc(-20px \/ 2 );\"><div class=\"fusion-layout-column fusion_builder_column fusion-builder-column-0 fusion_builder_column_1_1 1_1 fusion-flex-column fusion-flex-align-self-center\" style=\"--awb-bg-size:cover;--awb-width-large:100%;--awb-margin-top-large:0px;--awb-spacing-right-large:10px;--awb-margin-bottom-large:0px;--awb-spacing-left-large:10px;--awb-width-medium:100%;--awb-order-medium:0;--awb-spacing-right-medium:10px;--awb-spacing-left-medium:10px;--awb-width-small:100%;--awb-order-small:0;--awb-spacing-right-small:10px;--awb-spacing-left-small:10px;\" data-scroll-devices=\"small-visibility,medium-visibility,large-visibility\"><div class=\"fusion-column-wrapper fusion-column-has-shadow fusion-flex-justify-content-center fusion-content-layout-column\"><div class=\"fusion-title title fusion-title-1 fusion-sep-none fusion-title-center fusion-title-text fusion-title-size-one\" style=\"--awb-text-color:var(--awb-color4);\"><h1 class=\"fusion-title-heading title-heading-center\" style=\"margin:0;\">Pers\u00f3nuverndarstefna<\/h1><\/div><nav class=\"fusion-breadcrumbs awb-yoast-breadcrumbs fusion-breadcrumbs-1\" style=\"--awb-alignment:center;--awb-breadcrumb-sep:&#039;&gt;&#039;;text-align:center;\" aria-label=\"Breadcrumb\"><ol class=\"awb-breadcrumb-list\"><li class=\"fusion-breadcrumb-item awb-breadcrumb-sep awb-home\" ><a href=\"https:\/\/www.vitbuve.com\/is\/\" class=\"fusion-breadcrumb-link\"><span >Home<\/span><\/a><\/li><\/ol><\/nav><\/div><\/div><\/div><\/div><div class=\"fusion-fullwidth fullwidth-box fusion-builder-row-2 fusion-flex-container has-pattern-background has-mask-background nonhundred-percent-fullwidth non-hundred-percent-height-scrolling\" style=\"--awb-border-radius-top-left:0px;--awb-border-radius-top-right:0px;--awb-border-radius-bottom-right:0px;--awb-border-radius-bottom-left:0px;--awb-flex-wrap:wrap;\" ><div class=\"fusion-builder-row fusion-row fusion-flex-align-items-flex-start fusion-flex-content-wrap\" style=\"max-width:calc( 1216px + 20px );margin-left: calc(-20px \/ 2 );margin-right: calc(-20px \/ 2 );\"><div class=\"fusion-layout-column fusion_builder_column fusion-builder-column-1 fusion_builder_column_1_1 1_1 fusion-flex-column\" style=\"--awb-bg-size:cover;--awb-width-large:100%;--awb-margin-top-large:0px;--awb-spacing-right-large:10px;--awb-margin-bottom-large:0px;--awb-spacing-left-large:10px;--awb-width-medium:100%;--awb-order-medium:0;--awb-spacing-right-medium:10px;--awb-spacing-left-medium:10px;--awb-width-small:100%;--awb-order-small:0;--awb-spacing-right-small:10px;--awb-spacing-left-small:10px;\"><div class=\"fusion-column-wrapper fusion-column-has-shadow fusion-flex-justify-content-flex-start fusion-content-layout-column\"><div class=\"fusion-text fusion-text-1\"><h4><strong>Pers\u00f3nuverndarstefna \u2013 Markmi\u00f0<\/strong><\/h4>\n<p>Markmi\u00f0 \u00feessarar stefnu er a\u00f0 veita skr\u00e1\u00f0um einstaklingum \u2013 \u00fe.e. n\u00e1tt\u00farulegum einstaklingum \u2013 uppl\u00fdsingar um tilgang vinnslu pers\u00f3nuuppl\u00fdsinga, lagagrundv\u00f6ll, flokka vi\u00f0takenda pers\u00f3nuuppl\u00fdsinga, var\u00f0veislu og vernd gagna og r\u00e9ttindi hins skr\u00e1\u00f0a.<\/p>\n<h4><strong>\u00c1byrg\u00f0ara\u00f0ili<\/strong><\/h4>\n<p>SIA VITB\u016aVE, skr\u00e1ningarn\u00famer44103037968, l\u00f6gheimili \u201cAmatnieki\u201d, Limbazu pag., Limbazu nov., LV-4001, Latvia.<\/p>\n<h4><strong>Notkun pers\u00f3nuverndarstefnu<\/strong><\/h4>\n<p>VITB\u016aVE beitir \u00feessari pers\u00f3nuverndarstefnu vi\u00f0 vinnslu pers\u00f3nuuppl\u00fdsinga og \u00feegar \u00fe\u00fa \u00e1tt \u00ed samskiptum vi\u00f0 okkur \u00ed gegnum vefs\u00ed\u00f0una vitbuve.lv. VITB\u016aVE tryggir a\u00f0 pers\u00f3nuuppl\u00fdsingar \u00fe\u00ednar s\u00e9u vernda\u00f0ar \u00e1 grundvelli \u00feeirra laga sem skilgreind eru \u00ed \u00feessari stefnu og samkv\u00e6mt almennu pers\u00f3nuverndarregluger\u00f0 ESB 2016\/679 fr\u00e1 27. apr\u00edl 2016. VITB\u016aVE skuldbindur sig til a\u00f0 tryggja a\u00f0 pers\u00f3nuuppl\u00fdsingar \u00fe\u00ednar s\u00e9u vernda\u00f0ar og aldrei misnota\u00f0ar.<\/p>\n<h4><strong>Tilgangur vinnslu og lagagrundv\u00f6llur<\/strong><\/h4>\n<p>VITB\u016aVE getur nota\u00f0 pers\u00f3nuuppl\u00fdsingar \u00fe\u00ednar \u00ed eftirfarandi tilgangi:<\/p>\n<ul>\n<li>M\u00f6guleg r\u00e1\u00f0ning starfsf\u00f3lks vi\u00f0 m\u00f3tt\u00f6ku ferilskr\u00e1r og ums\u00f3knarbr\u00e9fs (l\u00f6gm\u00e6tir vi\u00f0skiptahagsmunir, sam\u00feykki hins skr\u00e1\u00f0a);<\/li>\n<li>\u00de\u00e6gileg b\u00f3kun vara og \u00fej\u00f3nustu, skipulag samstarfs og b\u00e6tt \u00fej\u00f3nusta (l\u00f6gm\u00e6tir vi\u00f0skiptahagsmunir, sam\u00feykki hins skr\u00e1\u00f0a);<\/li>\n<li>Ger\u00f0 s\u00f6lusamninga og veiting \u00fej\u00f3nustu (stofnun samningssambands og efndir samningsskyldna);<\/li>\n<li>Ger\u00f0 samninga um kaup \u00e1 v\u00f6rum og \u00fej\u00f3nustu og skipulag annars samstarfs (stofnun samningssambands og efndir samningsskyldna);<\/li>\n<li>Skilvirk og v\u00f6ndu\u00f0 samskipti me\u00f0 \u00fev\u00ed a\u00f0 svara fyrirspurnum e\u00f0a athugasemdum og veita uppl\u00fdsingar um v\u00f6rur og \u00fej\u00f3nustu fyrirt\u00e6kisins me\u00f0 sam\u00feykki vi\u00f0takanda (l\u00f6gm\u00e6tir vi\u00f0skiptahagsmunir, sam\u00feykki hins skr\u00e1\u00f0a);<\/li>\n<li>Greiningar og marka\u00f0sranns\u00f3knir um notkun vefs\u00ed\u00f0u okkar, vara og \u00fej\u00f3nustu (l\u00f6gm\u00e6tir vi\u00f0skiptahagsmunir, sam\u00feykki hins skr\u00e1\u00f0a);<\/li>\n<li>Trygging heilsu og \u00f6ryggis \u00e1 starfsst\u00f6\u00f0 og l\u00f3\u00f0 fyrirt\u00e6kisins me\u00f0 notkun eftirlitsmyndav\u00e9la (l\u00f6gm\u00e6tir vi\u00f0skiptahagsmunir).<\/li>\n<\/ul>\n<h4><strong>Flokkar vi\u00f0takenda pers\u00f3nuuppl\u00fdsinga<\/strong><\/h4>\n<p>\u00c1byrg\u00f0ara\u00f0ili getur mi\u00f0la\u00f0 pers\u00f3nuuppl\u00fdsingum til \u00feri\u00f0ju a\u00f0ila, en einungis a\u00f0 \u00fev\u00ed marki sem nau\u00f0synlegt er til a\u00f0 n\u00e1 markmi\u00f0um \u00feessarar stefnu og \u00feegar \u00fea\u00f0 er nau\u00f0synlegt til a\u00f0 uppfylla lagalegar e\u00f0a samningsbundnar skyldur:<\/p>\n<ul>\n<li>Til opinberra stofnana til a\u00f0 uppfylla skyldur samkv\u00e6mt l\u00f6gum e\u00f0a regluger\u00f0um;<\/li>\n<li>Til fyrirt\u00e6kja og stofnana til a\u00f0 uppfylla samningsskyldur;<\/li>\n<li>\u00cd sumum tilvikum getur vinnsla gagna veri\u00f0 \u00fatvistu\u00f0 til vinnslua\u00f0ila, en a\u00f0eins til \u00feeirra sem tryggja vernd r\u00e9ttinda hins skr\u00e1\u00f0a samkv\u00e6mt gildandi l\u00f6gum.<\/li>\n<\/ul>\n<p>Pers\u00f3nuuppl\u00fdsingar \u00fe\u00ednar ver\u00f0a ekki sendar til \u00feri\u00f0ju landa e\u00f0a al\u00fej\u00f3\u00f0legra stofnana.<\/p>\n<h4><strong>Var\u00f0veisla pers\u00f3nuuppl\u00fdsinga<\/strong><\/h4>\n<p>Pers\u00f3nuuppl\u00fdsingar eru safna\u00f0ar og unnar eing\u00f6ngu \u00ed \u00feeim tilgangi sem a\u00f0 framan greinir og eru var\u00f0veittar \u00fear til \u00feeim tilgangi er n\u00e1\u00f0, hagsmunir VITB\u016aVE eru vernda\u00f0ir e\u00f0a \u00fear til var\u00f0veislu- og \u00e1byrg\u00f0art\u00edmabil samkv\u00e6mt gildandi l\u00f6gum l\u00fdkur. A\u00f0 \u00fev\u00ed loknu eru g\u00f6gnin eytt e\u00f0a sett \u00ed var\u00f0veislu.<\/p>\n<p>A\u00f0gangur a\u00f0 pers\u00f3nuuppl\u00fdsingum er einungis veittur \u00feeim einstaklingum sem \u00feurfa a\u00f0 vinna me\u00f0 g\u00f6gnin sem hluta af starfi s\u00ednu e\u00f0a skyldum. Allir sl\u00edkir a\u00f0ilar hafa fengi\u00f0 \u00fej\u00e1lfun \u00ed vernd r\u00e9ttinda hins skr\u00e1\u00f0a.<\/p>\n<h4><strong>R\u00e9ttindi hins skr\u00e1\u00f0a<\/strong><\/h4>\n<p>\u00de\u00fa \u00e1tt r\u00e9tt \u00e1 a\u00f0 vita hva\u00f0a pers\u00f3nuuppl\u00fdsingar VITB\u016aVE vinnur um \u00feig, nema \u00fe\u00fa hafir \u00feegar sl\u00edkar uppl\u00fdsingar. \u00de\u00fa \u00e1tt r\u00e9tt \u00e1 a\u00f0 fara fram \u00e1 a\u00f0 VITB\u016aVE lei\u00f0r\u00e9tti, ey\u00f0i e\u00f0a takmarki vinnslu gagna, andm\u00e6li vinnslu og afturkalli hven\u00e6r sem er sam\u00feykki sem \u00fe\u00fa hefur veitt, \u00e1n \u00feess a\u00f0 \u00fea\u00f0 hafi \u00e1hrif \u00e1 l\u00f6gm\u00e6ti vinnslu sem bygg\u00f0ist \u00e1 sam\u00feykki \u00e1\u00f0ur en \u00fea\u00f0 var afturkalla\u00f0. \u00de\u00fa hefur einnig r\u00e9tt \u00e1 a\u00f0 leggja fram kv\u00f6rtun til eftirlitsa\u00f0ila.<\/p>\n<h4><strong>Vernd gagna<\/strong><\/h4>\n<p>VITB\u016aVE innlei\u00f0ir og vi\u00f0heldur vi\u00f0eigandi stj\u00f3rns\u00fdslulegum, l\u00edkamlegum, t\u00e6knilegum og skipulagslegum r\u00e1\u00f0st\u00f6funum til a\u00f0 vernda pers\u00f3nuuppl\u00fdsingar \u00fe\u00ednar gegn \u00f3viljandi e\u00f0a \u00f3l\u00f6gm\u00e6tri ey\u00f0ingu, tapi, breytingu, birtingu e\u00f0a a\u00f0gangi.<\/p>\n<h4><strong>Gildistaka<\/strong><\/h4>\n<p>VITB\u016aVE \u00e1skilur s\u00e9r r\u00e9tt til a\u00f0 breyta \u00feessari pers\u00f3nuverndarstefnu \u00e1n s\u00e9rstakrar tilkynningar. N\u00fdjasta \u00fatg\u00e1fa pers\u00f3nuverndarstefnunnar sem birt er \u00e1 vefs\u00ed\u00f0unni vitbuve.lv kemur \u00ed sta\u00f0 fyrri \u00fatg\u00e1fu.<\/p>\n<h4><strong>Sam\u00feykki \u00feitt vi\u00f0 \u00feessari pers\u00f3nuverndarstefnu<\/strong><\/h4>\n<p>Me\u00f0 \u00fev\u00ed a\u00f0 veita VITB\u016aVE pers\u00f3nuuppl\u00fdsingar \u00fe\u00ednar sam\u00feykkir \u00fe\u00fa skilm\u00e1la \u00feessarar stefnu.<\/p>\n<h4>Notkun vefk\u00f6ku<\/h4>\n<p><script\n  id=\"CookieDeclaration\"\n  data-culture=\"is\"\n  src=\"https:\/\/consent.cookiebot.com\/aa913a6b-226a-4c2e-9d68-3e104690775f\/cd.js\"\n  type=\"text\/javascript\"\n  async>\n<\/script><\/p>\n<h4><strong>Samskiptauppl\u00fdsingar<\/strong><\/h4>\n<p>Ef \u00fe\u00fa hefur spurningar, \u00e1hyggjur e\u00f0a vilt leggja fram kv\u00f6rtun vegna \u00feessarar pers\u00f3nuverndarstefnu, vinsamlegast haf\u00f0u samband me\u00f0 t\u00f6lvup\u00f3sti \u00e1info@vitbuve.lv e\u00f0a me\u00f0 br\u00e9fi til: SIA \u201cVITB\u016aVE\u201d, \u201cAmatnieki\u201d, Limbazu pag., Limbazu nov., LV-4001, Lettlandi,<br \/>\ne\u00f0a \u00ed s\u00edma +371 67288161.<\/p>\n<\/div><\/div><\/div><\/div><\/div><\/p>\n","protected":false},"excerpt":{"rendered":"","protected":false},"author":1,"featured_media":0,"parent":0,"menu_order":0,"comment_status":"closed","ping_status":"closed","template":"100-width.php","meta":{"footnotes":""},"class_list":["post-5345","page","type-page","status-publish","hentry"],"yoast_head":"<!-- This site is optimized with the Yoast SEO plugin v26.9 - https:\/\/yoast.com\/product\/yoast-seo-wordpress\/ -->\n<title>Pers\u00f3nuverndarstefna &#8211; VITB\u016aVE<\/title>\n<meta name=\"description\" content=\"\u00deessi pers\u00f3nuverndarstefna \u00fatsk\u00fdrir hvernig vi\u00f0 s\u00f6fnum, notum, geymum og verndum pers\u00f3nuuppl\u00fdsingar \u00feegar \u00fe\u00fa heims\u00e6kir vefs\u00ed\u00f0u okkar e\u00f0a hefur samband vi\u00f0 okkur.\" \/>\n<meta name=\"robots\" content=\"index, follow, max-snippet:-1, max-image-preview:large, max-video-preview:-1\" \/>\n<link rel=\"canonical\" href=\"https:\/\/www.vitbuve.com\/is\/personuverndarstefna\/\" \/>\n<meta property=\"og:locale\" content=\"is_IS\" \/>\n<meta property=\"og:type\" content=\"article\" \/>\n<meta property=\"og:title\" content=\"Pers\u00f3nuverndarstefna &#8211; VITB\u016aVE\" \/>\n<meta property=\"og:description\" content=\"\u00deessi pers\u00f3nuverndarstefna \u00fatsk\u00fdrir hvernig vi\u00f0 s\u00f6fnum, notum, geymum og verndum pers\u00f3nuuppl\u00fdsingar \u00feegar \u00fe\u00fa heims\u00e6kir vefs\u00ed\u00f0u okkar e\u00f0a hefur samband vi\u00f0 okkur.\" \/>\n<meta property=\"og:url\" content=\"https:\/\/www.vitbuve.com\/is\/personuverndarstefna\/\" \/>\n<meta property=\"og:site_name\" content=\"VITB\u016aVE\" \/>\n<meta property=\"article:modified_time\" content=\"2026-03-17T14:32:11+00:00\" \/>\n<meta name=\"twitter:card\" content=\"summary_large_image\" \/>\n<meta name=\"twitter:label1\" content=\"Est. reading time\" \/>\n\t<meta name=\"twitter:data1\" content=\"3 minutes\" \/>\n<script type=\"application\/ld+json\" class=\"yoast-schema-graph\">{\"@context\":\"https:\/\/schema.org\",\"@graph\":[{\"@type\":\"WebPage\",\"@id\":\"https:\/\/www.vitbuve.com\/is\/personuverndarstefna\/\",\"url\":\"https:\/\/www.vitbuve.com\/is\/personuverndarstefna\/\",\"name\":\"Pers\u00f3nuverndarstefna &#8211; VITB\u016aVE\",\"isPartOf\":{\"@id\":\"https:\/\/www.vitbuve.com\/is\/#website\"},\"datePublished\":\"2025-11-28T10:37:24+00:00\",\"dateModified\":\"2026-03-17T14:32:11+00:00\",\"description\":\"\u00deessi pers\u00f3nuverndarstefna \u00fatsk\u00fdrir hvernig vi\u00f0 s\u00f6fnum, notum, geymum og verndum pers\u00f3nuuppl\u00fdsingar \u00feegar \u00fe\u00fa heims\u00e6kir vefs\u00ed\u00f0u okkar e\u00f0a hefur samband vi\u00f0 okkur.\",\"breadcrumb\":{\"@id\":\"https:\/\/www.vitbuve.com\/is\/personuverndarstefna\/#breadcrumb\"},\"inLanguage\":\"is\",\"potentialAction\":[{\"@type\":\"ReadAction\",\"target\":[\"https:\/\/www.vitbuve.com\/is\/personuverndarstefna\/\"]}]},{\"@type\":\"BreadcrumbList\",\"@id\":\"https:\/\/www.vitbuve.com\/is\/personuverndarstefna\/#breadcrumb\",\"itemListElement\":[{\"@type\":\"ListItem\",\"position\":1,\"name\":\"Heim\",\"item\":\"https:\/\/www.vitbuve.com\/is\/\"},{\"@type\":\"ListItem\",\"position\":2,\"name\":\"Pers\u00f3nuverndarstefna\"}]},{\"@type\":\"WebSite\",\"@id\":\"https:\/\/www.vitbuve.com\/is\/#website\",\"url\":\"https:\/\/www.vitbuve.com\/is\/\",\"name\":\"VITB\u016aVE\",\"description\":\"Forsm\u00ed\u00f0u\u00f0 Einingah\u00fas \u00far Tr\u00e9\",\"alternateName\":\"Vitb\u016bve\",\"potentialAction\":[{\"@type\":\"SearchAction\",\"target\":{\"@type\":\"EntryPoint\",\"urlTemplate\":\"https:\/\/www.vitbuve.com\/is\/?s={search_term_string}\"},\"query-input\":{\"@type\":\"PropertyValueSpecification\",\"valueRequired\":true,\"valueName\":\"search_term_string\"}}],\"inLanguage\":\"is\"}]}<\/script>\n<!-- \/ Yoast SEO plugin. -->","yoast_head_json":{"title":"Pers\u00f3nuverndarstefna &#8211; VITB\u016aVE","description":"\u00deessi pers\u00f3nuverndarstefna \u00fatsk\u00fdrir hvernig vi\u00f0 s\u00f6fnum, notum, geymum og verndum pers\u00f3nuuppl\u00fdsingar \u00feegar \u00fe\u00fa heims\u00e6kir vefs\u00ed\u00f0u okkar e\u00f0a hefur samband vi\u00f0 okkur.","robots":{"index":"index","follow":"follow","max-snippet":"max-snippet:-1","max-image-preview":"max-image-preview:large","max-video-preview":"max-video-preview:-1"},"canonical":"https:\/\/www.vitbuve.com\/is\/personuverndarstefna\/","og_locale":"is_IS","og_type":"article","og_title":"Pers\u00f3nuverndarstefna &#8211; VITB\u016aVE","og_description":"\u00deessi pers\u00f3nuverndarstefna \u00fatsk\u00fdrir hvernig vi\u00f0 s\u00f6fnum, notum, geymum og verndum pers\u00f3nuuppl\u00fdsingar \u00feegar \u00fe\u00fa heims\u00e6kir vefs\u00ed\u00f0u okkar e\u00f0a hefur samband vi\u00f0 okkur.","og_url":"https:\/\/www.vitbuve.com\/is\/personuverndarstefna\/","og_site_name":"VITB\u016aVE","article_modified_time":"2026-03-17T14:32:11+00:00","twitter_card":"summary_large_image","twitter_misc":{"Est. reading time":"3 minutes"},"schema":{"@context":"https:\/\/schema.org","@graph":[{"@type":"WebPage","@id":"https:\/\/www.vitbuve.com\/is\/personuverndarstefna\/","url":"https:\/\/www.vitbuve.com\/is\/personuverndarstefna\/","name":"Pers\u00f3nuverndarstefna &#8211; VITB\u016aVE","isPartOf":{"@id":"https:\/\/www.vitbuve.com\/is\/#website"},"datePublished":"2025-11-28T10:37:24+00:00","dateModified":"2026-03-17T14:32:11+00:00","description":"\u00deessi pers\u00f3nuverndarstefna \u00fatsk\u00fdrir hvernig vi\u00f0 s\u00f6fnum, notum, geymum og verndum pers\u00f3nuuppl\u00fdsingar \u00feegar \u00fe\u00fa heims\u00e6kir vefs\u00ed\u00f0u okkar e\u00f0a hefur samband vi\u00f0 okkur.","breadcrumb":{"@id":"https:\/\/www.vitbuve.com\/is\/personuverndarstefna\/#breadcrumb"},"inLanguage":"is","potentialAction":[{"@type":"ReadAction","target":["https:\/\/www.vitbuve.com\/is\/personuverndarstefna\/"]}]},{"@type":"BreadcrumbList","@id":"https:\/\/www.vitbuve.com\/is\/personuverndarstefna\/#breadcrumb","itemListElement":[{"@type":"ListItem","position":1,"name":"Heim","item":"https:\/\/www.vitbuve.com\/is\/"},{"@type":"ListItem","position":2,"name":"Pers\u00f3nuverndarstefna"}]},{"@type":"WebSite","@id":"https:\/\/www.vitbuve.com\/is\/#website","url":"https:\/\/www.vitbuve.com\/is\/","name":"VITB\u016aVE","description":"Forsm\u00ed\u00f0u\u00f0 Einingah\u00fas \u00far Tr\u00e9","alternateName":"Vitb\u016bve","potentialAction":[{"@type":"SearchAction","target":{"@type":"EntryPoint","urlTemplate":"https:\/\/www.vitbuve.com\/is\/?s={search_term_string}"},"query-input":{"@type":"PropertyValueSpecification","valueRequired":true,"valueName":"search_term_string"}}],"inLanguage":"is"}]}},"_links":{"self":[{"href":"https:\/\/www.vitbuve.com\/is\/wp-json\/wp\/v2\/pages\/5345","targetHints":{"allow":["GET"]}}],"collection":[{"href":"https:\/\/www.vitbuve.com\/is\/wp-json\/wp\/v2\/pages"}],"about":[{"href":"https:\/\/www.vitbuve.com\/is\/wp-json\/wp\/v2\/types\/page"}],"author":[{"embeddable":true,"href":"https:\/\/www.vitbuve.com\/is\/wp-json\/wp\/v2\/users\/1"}],"replies":[{"embeddable":true,"href":"https:\/\/www.vitbuve.com\/is\/wp-json\/wp\/v2\/comments?post=5345"}],"version-history":[{"count":10,"href":"https:\/\/www.vitbuve.com\/is\/wp-json\/wp\/v2\/pages\/5345\/revisions"}],"predecessor-version":[{"id":6384,"href":"https:\/\/www.vitbuve.com\/is\/wp-json\/wp\/v2\/pages\/5345\/revisions\/6384"}],"wp:attachment":[{"href":"https:\/\/www.vitbuve.com\/is\/wp-json\/wp\/v2\/media?parent=5345"}],"curies":[{"name":"wp","href":"https:\/\/api.w.org\/{rel}","templated":true}]}}