{"id":701,"date":"2025-11-06T12:32:13","date_gmt":"2025-11-06T12:32:13","guid":{"rendered":"https:\/\/vitbuve.codeconomy.dev\/?page_id=701"},"modified":"2026-04-24T11:10:30","modified_gmt":"2026-04-24T09:10:30","slug":"contacts","status":"publish","type":"page","link":"https:\/\/www.vitbuve.com\/en\/contacts\/","title":{"rendered":"Contacts"},"content":{"rendered":"<p><div class=\"fusion-fullwidth fullwidth-box fusion-builder-row-1 fusion-flex-container has-pattern-background has-mask-background fusion-parallax-none hero-banner-container nonhundred-percent-fullwidth non-hundred-percent-height-scrolling\" style=\"--link_color: var(--awb-color1);--awb-border-radius-top-left:0px;--awb-border-radius-top-right:0px;--awb-border-radius-bottom-right:0px;--awb-border-radius-bottom-left:0px;--awb-background-image:url(&quot;https:\/\/www.vitbuve.com\/wp-content\/uploads\/2025\/10\/hero-background-secondary-scaled.png&quot;);--awb-background-size:cover;--awb-flex-wrap:wrap;\" ><div class=\"fusion-builder-row fusion-row fusion-flex-align-items-center fusion-flex-align-content-center fusion-flex-content-wrap\" style=\"max-width:calc( 1216px + 20px );margin-left: calc(-20px \/ 2 );margin-right: calc(-20px \/ 2 );\"><div class=\"fusion-layout-column fusion_builder_column fusion-builder-column-0 fusion_builder_column_1_1 1_1 fusion-flex-column fusion-flex-align-self-center\" style=\"--awb-bg-size:cover;--awb-width-large:100%;--awb-margin-top-large:0px;--awb-spacing-right-large:10px;--awb-margin-bottom-large:0px;--awb-spacing-left-large:10px;--awb-width-medium:100%;--awb-order-medium:0;--awb-spacing-right-medium:10px;--awb-spacing-left-medium:10px;--awb-width-small:100%;--awb-order-small:0;--awb-spacing-right-small:10px;--awb-spacing-left-small:10px;\" data-scroll-devices=\"small-visibility,medium-visibility,large-visibility\"><div class=\"fusion-column-wrapper fusion-column-has-shadow fusion-flex-justify-content-flex-start fusion-content-layout-column\"><div class=\"fusion-title title fusion-title-1 fusion-sep-none fusion-title-center fusion-title-text fusion-title-size-one\" style=\"--awb-text-color:var(--awb-color4);\"><h1 class=\"fusion-title-heading title-heading-center\" style=\"margin:0;\">Contacts<\/h1><\/div><nav class=\"fusion-breadcrumbs awb-yoast-breadcrumbs fusion-breadcrumbs-1\" style=\"--awb-alignment:center;--awb-breadcrumb-sep:&#039;&gt;&#039;;text-align:center;\" aria-label=\"Breadcrumb\"><ol class=\"awb-breadcrumb-list\"><li class=\"fusion-breadcrumb-item awb-breadcrumb-sep awb-home\" ><a href=\"https:\/\/www.vitbuve.com\/en\/\" class=\"fusion-breadcrumb-link\"><span >Home<\/span><\/a><\/li><\/ol><\/nav><\/div><\/div><\/div><\/div><div class=\"fusion-fullwidth fullwidth-box fusion-builder-row-2 fusion-flex-container has-pattern-background has-mask-background nonhundred-percent-fullwidth non-hundred-percent-height-scrolling\" style=\"--awb-border-radius-top-left:0px;--awb-border-radius-top-right:0px;--awb-border-radius-bottom-right:0px;--awb-border-radius-bottom-left:0px;--awb-flex-wrap:wrap;\" ><div class=\"fusion-builder-row fusion-row fusion-flex-align-items-flex-start fusion-flex-content-wrap\" style=\"max-width:calc( 1216px + 20px );margin-left: calc(-20px \/ 2 );margin-right: calc(-20px \/ 2 );\"><div class=\"fusion-layout-column fusion_builder_column fusion-builder-column-1 fusion_builder_column_1_4 1_4 fusion-flex-column\" style=\"--awb-bg-size:cover;--awb-width-large:25%;--awb-margin-top-large:0px;--awb-spacing-right-large:10px;--awb-margin-bottom-large:0px;--awb-spacing-left-large:10px;--awb-width-medium:25%;--awb-order-medium:0;--awb-spacing-right-medium:10px;--awb-spacing-left-medium:10px;--awb-width-small:100%;--awb-order-small:0;--awb-spacing-right-small:10px;--awb-spacing-left-small:10px;\"><div class=\"fusion-column-wrapper fusion-column-has-shadow fusion-flex-justify-content-flex-start fusion-content-layout-column\"><div class=\"fusion-title title fusion-title-2 fusion-sep-none fusion-title-center fusion-title-text fusion-title-size-paragraph\"><p class=\"fusion-title-heading title-heading-center title-heading-tag\" style=\"margin:0;\"><p style=\"text-align: center;\"><strong>Kaspars Ozoli\u0146\u0161<\/strong><br \/>\nProject manager<br \/>\n<strong>E-mail:<\/strong> <a style=\"color: #f5802d;\" href=\"mailto:kaspars@vitbuve.lv\">kaspars@vitbuve.lv<\/a><br \/>\n<strong>Phone:<\/strong> <a style=\"color: #f5802d;\" href=\"tel:+37125623437\">+371 25623437<\/a><\/p><\/p><\/div><\/div><\/div><div class=\"fusion-layout-column fusion_builder_column fusion-builder-column-2 fusion_builder_column_1_4 1_4 fusion-flex-column\" style=\"--awb-bg-size:cover;--awb-width-large:25%;--awb-margin-top-large:0px;--awb-spacing-right-large:10px;--awb-margin-bottom-large:0px;--awb-spacing-left-large:10px;--awb-width-medium:25%;--awb-order-medium:0;--awb-spacing-right-medium:10px;--awb-spacing-left-medium:10px;--awb-width-small:100%;--awb-order-small:0;--awb-spacing-right-small:10px;--awb-spacing-left-small:10px;\"><div class=\"fusion-column-wrapper fusion-column-has-shadow fusion-flex-justify-content-flex-start fusion-content-layout-column\"><div class=\"fusion-title title fusion-title-3 fusion-sep-none fusion-title-center fusion-title-text fusion-title-size-paragraph\"><p class=\"fusion-title-heading title-heading-center title-heading-tag\" style=\"margin:0;\"><p style=\"text-align: center;\"><strong>Agris Ruks<br \/>\n<\/strong>Project manager<br \/>\n<strong>E-mail:<\/strong> <a style=\"color: #f5802d;\" href=\"mailto:agris@vitbuve.lv\">agris@vitbuve.lv<\/a><br \/>\n<strong>Phone:<\/strong> <a style=\"color: #f5802d;\" href=\"tel:+37120249113\">+371 20249113<\/a><\/p><\/p><\/div><\/div><\/div><div class=\"fusion-layout-column fusion_builder_column fusion-builder-column-3 fusion_builder_column_1_4 1_4 fusion-flex-column\" style=\"--awb-bg-size:cover;--awb-width-large:25%;--awb-margin-top-large:0px;--awb-spacing-right-large:10px;--awb-margin-bottom-large:0px;--awb-spacing-left-large:10px;--awb-width-medium:25%;--awb-order-medium:0;--awb-spacing-right-medium:10px;--awb-spacing-left-medium:10px;--awb-width-small:100%;--awb-order-small:0;--awb-spacing-right-small:10px;--awb-spacing-left-small:10px;\"><div class=\"fusion-column-wrapper fusion-column-has-shadow fusion-flex-justify-content-flex-start fusion-content-layout-column\"><div class=\"fusion-title title fusion-title-4 fusion-sep-none fusion-title-center fusion-title-text fusion-title-size-paragraph\"><p class=\"fusion-title-heading title-heading-center title-heading-tag\" style=\"margin:0;\"><p style=\"text-align: center;\"><strong>Aigars B\u0113rzi\u0146\u0161<br \/>\n<\/strong>Construction manager<br \/>\n<strong>E-mail:<\/strong> <a style=\"color: #f5802d;\" href=\"mailto:aigars@vitbuve.lv\">aigars@vitbuve.lv<\/a><br \/>\n<strong>Phone:<\/strong> <a style=\"color: #f5802d;\" href=\"tel:+37126603147\">+371 26603147<\/a><\/p><\/p><\/div><\/div><\/div><div class=\"fusion-layout-column fusion_builder_column fusion-builder-column-4 fusion_builder_column_1_4 1_4 fusion-flex-column\" style=\"--awb-bg-size:cover;--awb-width-large:25%;--awb-margin-top-large:0px;--awb-spacing-right-large:10px;--awb-margin-bottom-large:0px;--awb-spacing-left-large:10px;--awb-width-medium:25%;--awb-order-medium:0;--awb-spacing-right-medium:10px;--awb-spacing-left-medium:10px;--awb-width-small:100%;--awb-order-small:0;--awb-spacing-right-small:10px;--awb-spacing-left-small:10px;\"><div class=\"fusion-column-wrapper fusion-column-has-shadow fusion-flex-justify-content-flex-start fusion-content-layout-column\"><div class=\"fusion-title title fusion-title-5 fusion-sep-none fusion-title-center fusion-title-text fusion-title-size-paragraph\"><p class=\"fusion-title-heading title-heading-center title-heading-tag\" style=\"margin:0;\"><p style=\"text-align: center;\"><strong>J\u0101nis Kalnb\u0113rzs<br \/>\n<\/strong>Procurement and Transport Manager<br \/>\n<strong>E-mail:<\/strong> <a style=\"color: #f5802d;\" href=\"mailto:janis@vitbuve.lv\">janis@vitbuve.lv<\/a><br \/>\n<strong>Phone:<\/strong> <a style=\"color: #f5802d;\" href=\"tel:+37126528245\">+371 26528245<\/a><\/p><\/p><\/div><\/div><\/div><\/div><\/div><div class=\"fusion-fullwidth fullwidth-box fusion-builder-row-3 fusion-flex-container has-pattern-background has-mask-background section-divider nonhundred-percent-fullwidth non-hundred-percent-height-scrolling\" style=\"--awb-border-radius-top-left:0px;--awb-border-radius-top-right:0px;--awb-border-radius-bottom-right:0px;--awb-border-radius-bottom-left:0px;--awb-background-color:var(--awb-color5);--awb-flex-wrap:wrap;\" ><div class=\"fusion-builder-row fusion-row fusion-flex-align-items-flex-start fusion-flex-justify-content-center fusion-flex-content-wrap\" style=\"max-width:calc( 1216px + 20px );margin-left: calc(-20px \/ 2 );margin-right: calc(-20px \/ 2 );\"><div class=\"fusion-layout-column fusion_builder_column fusion-builder-column-5 fusion_builder_column_1_1 1_1 fusion-flex-column\" style=\"--awb-bg-size:cover;--awb-width-large:100%;--awb-margin-top-large:64px;--awb-spacing-right-large:10px;--awb-margin-bottom-large:64px;--awb-spacing-left-large:10px;--awb-width-medium:100%;--awb-order-medium:0;--awb-spacing-right-medium:10px;--awb-spacing-left-medium:10px;--awb-width-small:100%;--awb-order-small:0;--awb-spacing-right-small:10px;--awb-spacing-left-small:10px;\" data-scroll-devices=\"small-visibility,medium-visibility,large-visibility\"><div class=\"fusion-column-wrapper fusion-column-has-shadow fusion-flex-justify-content-flex-start fusion-content-layout-column\"><div class=\"fusion-title title fusion-title-6 fusion-sep-none fusion-title-center fusion-title-text fusion-title-size-two\"><h2 class=\"fusion-title-heading title-heading-center\" style=\"margin:0;\">Get in Touch<\/h2><\/div><div class=\"fusion-text fusion-text-1\" style=\"--awb-content-alignment:center;--awb-font-size:var(--awb-typography3-font-size);--awb-line-height:var(--awb-typography3-line-height);--awb-letter-spacing:var(--awb-typography3-letter-spacing);--awb-text-transform:var(--awb-typography3-text-transform);--awb-text-font-family:var(--awb-typography3-font-family);--awb-text-font-weight:var(--awb-typography3-font-weight);--awb-text-font-style:var(--awb-typography3-font-style);\"><p class=\"p1\">Send us your questions or project information using the form below. We\u2019re here to help with timber-frame specifications, pricing, design-related queries and general information about our prefab solutions.<\/p>\n<\/div>\n<div class=\"wpcf7 no-js\" id=\"wpcf7-f1907-o1\" lang=\"en-US\" dir=\"ltr\" data-wpcf7-id=\"1907\">\n<div class=\"screen-reader-response\"><p role=\"status\" aria-live=\"polite\" aria-atomic=\"true\"><\/p> <ul><\/ul><\/div>\n<form action=\"\/en\/wp-json\/wp\/v2\/pages\/701#wpcf7-f1907-o1\" method=\"post\" class=\"wpcf7-form init\" aria-label=\"Contact form\" enctype=\"multipart\/form-data\" novalidate=\"novalidate\" data-status=\"init\">\n<fieldset class=\"hidden-fields-container\"><input type=\"hidden\" name=\"_wpcf7\" value=\"1907\" \/><input type=\"hidden\" name=\"_wpcf7_version\" value=\"6.1.5\" \/><input type=\"hidden\" name=\"_wpcf7_locale\" value=\"en_US\" \/><input type=\"hidden\" name=\"_wpcf7_unit_tag\" value=\"wpcf7-f1907-o1\" \/><input type=\"hidden\" name=\"_wpcf7_container_post\" value=\"0\" \/><input type=\"hidden\" name=\"_wpcf7_posted_data_hash\" value=\"\" \/><input type=\"hidden\" name=\"_wpcf7_recaptcha_response\" value=\"\" \/>\n<\/fieldset>\n<div class=\"contact-form-input-wrapper\">\n\t<p><label><span class=\"wpcf7-form-control-wrap\" data-name=\"your-name\"><input size=\"40\" maxlength=\"400\" class=\"wpcf7-form-control wpcf7-text wpcf7-validates-as-required\" autocomplete=\"name\" aria-required=\"true\" aria-invalid=\"false\" placeholder=\"* Your name\" value=\"\" type=\"text\" name=\"your-name\" \/><\/span><\/label><br \/>\n<label><span class=\"wpcf7-form-control-wrap\" data-name=\"your-email\"><input size=\"40\" maxlength=\"400\" class=\"wpcf7-form-control wpcf7-email wpcf7-validates-as-required wpcf7-text wpcf7-validates-as-email\" aria-required=\"true\" aria-invalid=\"false\" placeholder=\"* Your e-mail\" value=\"\" type=\"email\" name=\"your-email\" \/><\/span><\/label>\n\t<\/p>\n\t<p><label><span class=\"wpcf7-form-control-wrap\" data-name=\"your-tel\"><input size=\"40\" maxlength=\"400\" class=\"wpcf7-form-control wpcf7-tel wpcf7-text wpcf7-validates-as-tel\" aria-invalid=\"false\" placeholder=\"Your phone\" value=\"\" type=\"tel\" name=\"your-tel\" \/><\/span><\/label><br \/>\n<label><span class=\"wpcf7-form-control-wrap\" data-name=\"your-subject\"><input size=\"40\" maxlength=\"400\" class=\"wpcf7-form-control wpcf7-text\" aria-invalid=\"false\" placeholder=\"Subject\" value=\"\" type=\"text\" name=\"your-subject\" \/><\/span><\/label>\n\t<\/p>\n<\/div>\n<p><span class=\"wpcf7-form-control-wrap\" data-name=\"your-message\"><textarea cols=\"40\" rows=\"10\" maxlength=\"2000\" class=\"wpcf7-form-control wpcf7-textarea wpcf7-validates-as-required\" aria-required=\"true\" aria-invalid=\"false\" placeholder=\"* Your message\" name=\"your-message\"><\/textarea><\/span><br \/>\n<span class=\"wpcf7-form-control-wrap\" data-name=\"file-attachment\"><input size=\"40\" class=\"wpcf7-form-control wpcf7-file\" accept=\".dwg,.dxf,.pln,.pla,.tpl,.ifc,.rvt,.rfa,.skp,.obj,.fbx,.stl,.dgn,.pdf,.tif,.tiff,.doc,.docx,.xls,.xlsx,.ppt,.pptx,.jpg,.jpeg,.png\" aria-invalid=\"false\" type=\"file\" name=\"file-attachment\" \/><\/span><br \/>\n<label class=\"cf-privacy-policy\"><span class=\"wpcf7-form-control-wrap\" data-name=\"privacy-policy\"><span class=\"wpcf7-form-control wpcf7-checkbox wpcf7-validates-as-required\"><span class=\"wpcf7-list-item first last\"><input type=\"checkbox\" name=\"privacy-policy[]\" value=\"1\" \/><span class=\"wpcf7-list-item-label\">1<\/span><\/span><\/span><\/span><span>I have read the <a href=\"\/en\/privacy-policy\/\" target=\"_blank\">privacy policy<\/a> and agree to the processing of my data.<\/span><\/label>\n<\/p>\n<p><input class=\"wpcf7-form-control wpcf7-submit has-spinner\" type=\"submit\" value=\"Submit\" \/>\n<\/p><div class=\"fusion-alert alert custom alert-custom fusion-alert-center wpcf7-response-output awb-alert-native-link-color alert-dismissable awb-alert-close-boxed\" style=\"--awb-border-size:1px;--awb-border-top-left-radius:0px;--awb-border-top-right-radius:0px;--awb-border-bottom-left-radius:0px;--awb-border-bottom-right-radius:0px;\" role=\"alert\"><div class=\"fusion-alert-content-wrapper\"><span class=\"fusion-alert-content\"><\/span><\/div><button type=\"button\" class=\"close toggle-alert\" data-dismiss=\"alert\" aria-label=\"Close\">&times;<\/button><\/div>\n<\/form>\n<\/div>\n<\/div><\/div><\/div><\/div><div class=\"fusion-fullwidth fullwidth-box fusion-builder-row-4 fusion-flex-container has-pattern-background has-mask-background nonhundred-percent-fullwidth non-hundred-percent-height-scrolling\" style=\"--awb-border-radius-top-left:0px;--awb-border-radius-top-right:0px;--awb-border-radius-bottom-right:0px;--awb-border-radius-bottom-left:0px;--awb-flex-wrap:wrap;\" ><div class=\"fusion-builder-row fusion-row fusion-flex-align-items-flex-start fusion-flex-content-wrap\" style=\"max-width:calc( 1216px + 20px );margin-left: calc(-20px \/ 2 );margin-right: calc(-20px \/ 2 );\"><div class=\"fusion-layout-column fusion_builder_column fusion-builder-column-6 fusion_builder_column_1_2 1_2 fusion-flex-column\" style=\"--awb-bg-size:cover;--awb-width-large:50%;--awb-margin-top-large:0px;--awb-spacing-right-large:10px;--awb-margin-bottom-large:0px;--awb-spacing-left-large:10px;--awb-width-medium:50%;--awb-order-medium:0;--awb-spacing-right-medium:10px;--awb-spacing-left-medium:10px;--awb-width-small:100%;--awb-order-small:0;--awb-spacing-right-small:10px;--awb-spacing-left-small:10px;\"><div class=\"fusion-column-wrapper fusion-column-has-shadow fusion-flex-justify-content-flex-start fusion-content-layout-column\"><div class=\"fusion-text fusion-text-2\"><h4>VIT B\u016aVE Ltd.<\/h4>\n<p>Engineering, manufacturing and assembly of prefabricated timber frame houses<\/p>\n<p><strong>Address:<\/strong> \u201cAmatnieki\u201d, Limba\u017eu pag., Limba\u017eu nov., LV-4001, Latvija<br \/>\n<strong>Registration No.:<\/strong> 44103037968<br \/>\n<strong>Office e-mail:<\/strong> <a style=\"color: #f5802d;\" href=\"mailto:info@vitbuve.lv\">info@vitbuve.lv<\/a><br \/>\n<strong>Office phone:<\/strong> <a style=\"color: #f5802d;\" href=\"tel:+37167288161\">+371 67288161<\/a><\/p>\n<\/div><div class=\"fusion-text fusion-text-3\"><p><strong>Bank:<\/strong> AS \u201cSEB Banka\u201d<br \/>\n<strong>SWIFT:<\/strong> UNLALV2X<br \/>\n<strong>Account No.:<\/strong> LV17UNLA0050012719282<\/p>\n<p><strong>VAT No.:<\/strong><br \/>\nLV44103037968<br \/>\nBE0748580078<br \/>\nNL824220602B01<br \/>\nLU36459854<br \/>\nDE304889650<br \/>\nSE502073294601<br \/>\nNO913878736<\/p>\n<\/div><\/div><\/div><div class=\"fusion-layout-column fusion_builder_column fusion-builder-column-7 fusion_builder_column_1_2 1_2 fusion-flex-column google-maps-wrapper\" style=\"--awb-bg-size:cover;--awb-width-large:50%;--awb-margin-top-large:0px;--awb-spacing-right-large:10px;--awb-margin-bottom-large:0px;--awb-spacing-left-large:10px;--awb-width-medium:50%;--awb-order-medium:0;--awb-spacing-right-medium:10px;--awb-spacing-left-medium:10px;--awb-width-small:100%;--awb-order-small:0;--awb-spacing-right-small:10px;--awb-spacing-left-small:10px;\" data-scroll-devices=\"small-visibility,medium-visibility,large-visibility\"><div class=\"fusion-column-wrapper fusion-column-has-shadow fusion-flex-justify-content-flex-start fusion-content-layout-column\"><iframe src=\"https:\/\/www.google.com\/maps\/embed?pb=!1m18!1m12!1m3!1d924912.7238884263!2d24.22924033695357!3d57.33780479460847!2m3!1f0!2f0!3f0!3m2!1i1024!2i768!4f13.1!3m3!1m2!1s0x46ec04902f751d47%3A0x40472b86e37e39!2zVklUIELFqlZFLCBTSUE!5e0!3m2!1slv!2slv!4v1556274140445!5m2!1slv!2slv\" allowfullscreen=\"allowfullscreen\" style=\"border: 0;\" data-mce-src=\"https:\/\/www.google.com\/maps\/embed?pb=!1m18!1m12!1m3!1d924912.7238884263!2d24.22924033695357!3d57.33780479460847!2m3!1f0!2f0!3f0!3m2!1i1024!2i768!4f13.1!3m3!1m2!1s0x46ec04902f751d47%3A0x40472b86e37e39!2zVklUIELFqlZFLCBTSUE!5e0!3m2!1slv!2slv!4v1556274140445!5m2!1slv!2slv\" data-mce-style=\"border: 0;\" width=\"600\" height=\"450\" frameborder=\"0\"><\/iframe><\/div><\/div><\/div><\/div><\/p>\n","protected":false},"excerpt":{"rendered":"","protected":false},"author":1,"featured_media":0,"parent":0,"menu_order":0,"comment_status":"closed","ping_status":"closed","template":"100-width.php","meta":{"footnotes":""},"class_list":["post-701","page","type-page","status-publish","hentry"],"yoast_head":"<!-- This site is optimized with the Yoast SEO plugin v26.9 - https:\/\/yoast.com\/product\/yoast-seo-wordpress\/ -->\n<title>Contacts &#8211; VITB\u016aVE<\/title>\n<meta name=\"robots\" content=\"index, follow, max-snippet:-1, max-image-preview:large, max-video-preview:-1\" \/>\n<link rel=\"canonical\" href=\"https:\/\/www.vitbuve.com\/en\/contacts\/\" \/>\n<meta property=\"og:locale\" content=\"en_US\" \/>\n<meta property=\"og:type\" content=\"article\" \/>\n<meta property=\"og:title\" content=\"Contacts &#8211; VITB\u016aVE\" \/>\n<meta property=\"og:url\" content=\"https:\/\/www.vitbuve.com\/en\/contacts\/\" \/>\n<meta property=\"og:site_name\" content=\"VITB\u016aVE\" \/>\n<meta property=\"article:modified_time\" content=\"2026-04-24T09:10:30+00:00\" \/>\n<meta name=\"twitter:card\" content=\"summary_large_image\" \/>\n<meta name=\"twitter:label1\" content=\"Est. reading time\" \/>\n\t<meta name=\"twitter:data1\" content=\"1 minute\" \/>\n<script type=\"application\/ld+json\" class=\"yoast-schema-graph\">{\"@context\":\"https:\/\/schema.org\",\"@graph\":[{\"@type\":\"WebPage\",\"@id\":\"https:\/\/www.vitbuve.com\/en\/contacts\/\",\"url\":\"https:\/\/www.vitbuve.com\/en\/contacts\/\",\"name\":\"Contacts &#8211; VITB\u016aVE\",\"isPartOf\":{\"@id\":\"https:\/\/www.vitbuve.com\/en\/#website\"},\"datePublished\":\"2025-11-06T12:32:13+00:00\",\"dateModified\":\"2026-04-24T09:10:30+00:00\",\"breadcrumb\":{\"@id\":\"https:\/\/www.vitbuve.com\/en\/contacts\/#breadcrumb\"},\"inLanguage\":\"en-US\",\"potentialAction\":[{\"@type\":\"ReadAction\",\"target\":[\"https:\/\/www.vitbuve.com\/en\/contacts\/\"]}]},{\"@type\":\"BreadcrumbList\",\"@id\":\"https:\/\/www.vitbuve.com\/en\/contacts\/#breadcrumb\",\"itemListElement\":[{\"@type\":\"ListItem\",\"position\":1,\"name\":\"Home\",\"item\":\"https:\/\/www.vitbuve.com\/en\/\"},{\"@type\":\"ListItem\",\"position\":2,\"name\":\"Contacts\"}]},{\"@type\":\"WebSite\",\"@id\":\"https:\/\/www.vitbuve.com\/en\/#website\",\"url\":\"https:\/\/www.vitbuve.com\/en\/\",\"name\":\"VITB\u016aVE\",\"description\":\"Prefab Wooden Frame Houses\",\"alternateName\":\"Vitb\u016bve\",\"potentialAction\":[{\"@type\":\"SearchAction\",\"target\":{\"@type\":\"EntryPoint\",\"urlTemplate\":\"https:\/\/www.vitbuve.com\/en\/?s={search_term_string}\"},\"query-input\":{\"@type\":\"PropertyValueSpecification\",\"valueRequired\":true,\"valueName\":\"search_term_string\"}}],\"inLanguage\":\"en-US\"}]}<\/script>\n<!-- \/ Yoast SEO plugin. -->","yoast_head_json":{"title":"Contacts &#8211; VITB\u016aVE","robots":{"index":"index","follow":"follow","max-snippet":"max-snippet:-1","max-image-preview":"max-image-preview:large","max-video-preview":"max-video-preview:-1"},"canonical":"https:\/\/www.vitbuve.com\/en\/contacts\/","og_locale":"en_US","og_type":"article","og_title":"Contacts &#8211; VITB\u016aVE","og_url":"https:\/\/www.vitbuve.com\/en\/contacts\/","og_site_name":"VITB\u016aVE","article_modified_time":"2026-04-24T09:10:30+00:00","twitter_card":"summary_large_image","twitter_misc":{"Est. reading time":"1 minute"},"schema":{"@context":"https:\/\/schema.org","@graph":[{"@type":"WebPage","@id":"https:\/\/www.vitbuve.com\/en\/contacts\/","url":"https:\/\/www.vitbuve.com\/en\/contacts\/","name":"Contacts &#8211; VITB\u016aVE","isPartOf":{"@id":"https:\/\/www.vitbuve.com\/en\/#website"},"datePublished":"2025-11-06T12:32:13+00:00","dateModified":"2026-04-24T09:10:30+00:00","breadcrumb":{"@id":"https:\/\/www.vitbuve.com\/en\/contacts\/#breadcrumb"},"inLanguage":"en-US","potentialAction":[{"@type":"ReadAction","target":["https:\/\/www.vitbuve.com\/en\/contacts\/"]}]},{"@type":"BreadcrumbList","@id":"https:\/\/www.vitbuve.com\/en\/contacts\/#breadcrumb","itemListElement":[{"@type":"ListItem","position":1,"name":"Home","item":"https:\/\/www.vitbuve.com\/en\/"},{"@type":"ListItem","position":2,"name":"Contacts"}]},{"@type":"WebSite","@id":"https:\/\/www.vitbuve.com\/en\/#website","url":"https:\/\/www.vitbuve.com\/en\/","name":"VITB\u016aVE","description":"Prefab Wooden Frame Houses","alternateName":"Vitb\u016bve","potentialAction":[{"@type":"SearchAction","target":{"@type":"EntryPoint","urlTemplate":"https:\/\/www.vitbuve.com\/en\/?s={search_term_string}"},"query-input":{"@type":"PropertyValueSpecification","valueRequired":true,"valueName":"search_term_string"}}],"inLanguage":"en-US"}]}},"_links":{"self":[{"href":"https:\/\/www.vitbuve.com\/en\/wp-json\/wp\/v2\/pages\/701","targetHints":{"allow":["GET"]}}],"collection":[{"href":"https:\/\/www.vitbuve.com\/en\/wp-json\/wp\/v2\/pages"}],"about":[{"href":"https:\/\/www.vitbuve.com\/en\/wp-json\/wp\/v2\/types\/page"}],"author":[{"embeddable":true,"href":"https:\/\/www.vitbuve.com\/en\/wp-json\/wp\/v2\/users\/1"}],"replies":[{"embeddable":true,"href":"https:\/\/www.vitbuve.com\/en\/wp-json\/wp\/v2\/comments?post=701"}],"version-history":[{"count":25,"href":"https:\/\/www.vitbuve.com\/en\/wp-json\/wp\/v2\/pages\/701\/revisions"}],"predecessor-version":[{"id":6795,"href":"https:\/\/www.vitbuve.com\/en\/wp-json\/wp\/v2\/pages\/701\/revisions\/6795"}],"wp:attachment":[{"href":"https:\/\/www.vitbuve.com\/en\/wp-json\/wp\/v2\/media?parent=701"}],"curies":[{"name":"wp","href":"https:\/\/api.w.org\/{rel}","templated":true}]}}